{"id":2029,"date":"2026-01-23T09:21:53","date_gmt":"2026-01-23T08:21:53","guid":{"rendered":"https:\/\/commonsensealigners.com\/?post_type=product&#038;p=2029"},"modified":"2026-04-13T17:42:10","modified_gmt":"2026-04-13T15:42:10","slug":"certificacion-oficial-invisalign-premium-2","status":"publish","type":"product","link":"https:\/\/commonsensealigners.com\/en\/product\/certificacion-oficial-invisalign-premium-2\/","title":{"rendered":"Certificaci\u00f3n Oficial Invisalign"},"content":{"rendered":"<div data-elementor-type=\"product-post\" data-elementor-id=\"2029\" class=\"elementor elementor-2029\" data-elementor-post-type=\"product\">\n\t\t\t\t<div class=\"elementor-element elementor-element-14389ccc e-flex e-con-boxed e-con e-parent\" data-id=\"14389ccc\" data-element_type=\"container\" data-e-type=\"container\">\n\t\t\t\t\t<div class=\"e-con-inner\">\n\t\t\t\t<div class=\"elementor-element elementor-element-569e195 elementor-widget elementor-widget-button\" data-id=\"569e195\" data-element_type=\"widget\" data-e-type=\"widget\" data-widget_type=\"button.default\">\n\t\t\t\t<div class=\"elementor-widget-container\">\n\t\t\t\t\t\t\t\t\t<div class=\"elementor-button-wrapper\">\n\t\t\t\t\t<a class=\"elementor-button elementor-button-link elementor-size-sm\" href=\"https:\/\/commonsensealigners.com\/wp-content\/uploads\/CERTIFICACION-INVISALIGN-1.pdf\">\n\t\t\t\t\t\t<span class=\"elementor-button-content-wrapper\">\n\t\t\t\t\t\t<span class=\"elementor-button-icon\">\n\t\t\t\t<i aria-hidden=\"true\" class=\"far fa-file-pdf\"><\/i>\t\t\t<\/span>\n\t\t\t\t\t\t\t\t\t<span class=\"elementor-button-text\">Download PDF programme<\/span>\n\t\t\t\t\t<\/span>\n\t\t\t\t\t<\/a>\n\t\t\t\t<\/div>\n\t\t\t\t\t\t\t\t<\/div>\n\t\t\t\t<\/div>\n\t\t\t\t<div class=\"elementor-element elementor-element-3d1d6f17 elementor-widget elementor-widget-text-editor\" data-id=\"3d1d6f17\" data-element_type=\"widget\" data-e-type=\"widget\" data-widget_type=\"text-editor.default\">\n\t\t\t\t<div class=\"elementor-widget-container\">\n\t\t\t\t\t\t\t\t\t<p><strong>Content:<\/strong><\/p><p><strong>Module 1:<\/strong>&nbsp;Diagnosis of the aligners.<br><strong>Module 2:<\/strong>&nbsp;Biomechanics of aligners.<br><strong>Module 3:<\/strong>&nbsp;Dental and skeletal expansion.<br><strong>Module 4:<\/strong>&nbsp;Diastema and preprosthetic spaces.<br><strong>Module 5:&nbsp;<\/strong>Distalisation in classes II and III.<br><strong>Module 6:<\/strong>&nbsp;Sagittal problem without mini-screws.<br><strong>Module 7:&nbsp;<\/strong>Open bite.<br><strong>Module 8:<\/strong>&nbsp;Overbite.<br><strong>Module 9:&nbsp;<\/strong>Extractions of premolars and incisors.<br><strong>Module 10:&nbsp;<\/strong>Aligners in children and adolescents.<\/p>\t\t\t\t\t\t\t\t<\/div>\n\t\t\t\t<\/div>\n\t\t\t\t\t<\/div>\n\t\t\t\t<\/div>\n\t\t\t\t<\/div>","protected":false},"excerpt":{"rendered":"<p>Discover how to use aligners with the maximum clinical confidence to carry out your treatments with the same peace of mind as with Brackets.<\/p>","protected":false},"featured_media":141,"template":"","meta":{"_acf_changed":false,"_kad_post_transparent":"default","_kad_post_title":"","_kad_post_layout":"default","_kad_post_sidebar_id":"","_kad_post_content_style":"default","_kad_post_vertical_padding":"default","_kad_post_feature":"","_kad_post_feature_position":"","_kad_post_header":false,"_kad_post_footer":false},"product_brand":[],"product_cat":[21],"product_tag":[],"class_list":{"0":"post-2029","1":"product","2":"type-product","3":"status-publish","4":"has-post-thumbnail","6":"product_cat-sin-categorizar","8":"first","9":"instock","10":"virtual","11":"sold-individually","12":"taxable","13":"purchasable","14":"product-type-simple","15":"entry","16":"content-bg","17":"loop-entry"},"acf":[],"yoast_head":"<!-- This site is optimized with the Yoast SEO plugin v23.3 - https:\/\/yoast.com\/wordpress\/plugins\/seo\/ -->\n<title>Certificaci\u00f3n Oficial Invisalign - Common Sense Aligners<\/title>\n<meta name=\"robots\" content=\"index, follow, max-snippet:-1, max-image-preview:large, max-video-preview:-1\" \/>\n<link rel=\"canonical\" href=\"https:\/\/commonsensealigners.com\/en\/product\/certificacion-oficial-invisalign-premium-2\/\" \/>\n<meta property=\"og:locale\" content=\"en_GB\" \/>\n<meta property=\"og:type\" content=\"article\" \/>\n<meta property=\"og:title\" content=\"Certificaci\u00f3n Oficial Invisalign - Common Sense Aligners\" \/>\n<meta property=\"og:description\" content=\"Descubre c\u00f3mo usar los alineadores con la m\u00e1xima confianza cl\u00ednica para hacer tus tratamientos con la misma tranquilidad que con Brackets.\" \/>\n<meta property=\"og:url\" content=\"https:\/\/commonsensealigners.com\/en\/product\/certificacion-oficial-invisalign-premium-2\/\" \/>\n<meta property=\"og:site_name\" content=\"Common Sense Aligners\" \/>\n<meta property=\"article:publisher\" content=\"https:\/\/www.instagram.com\/commonsensealigners\" \/>\n<meta property=\"article:modified_time\" content=\"2026-04-13T15:42:10+00:00\" \/>\n<meta property=\"og:image\" content=\"https:\/\/commonsensealigners.com\/wp-content\/uploads\/2024\/07\/FOTOS-WEB-1.png\" \/>\n\t<meta property=\"og:image:width\" content=\"1080\" \/>\n\t<meta property=\"og:image:height\" content=\"1080\" \/>\n\t<meta property=\"og:image:type\" content=\"image\/png\" \/>\n<meta name=\"twitter:card\" content=\"summary_large_image\" \/>\n<script type=\"application\/ld+json\" class=\"yoast-schema-graph\">{\"@context\":\"https:\/\/schema.org\",\"@graph\":[{\"@type\":\"WebPage\",\"@id\":\"https:\/\/commonsensealigners.com\/producto\/certificacion-oficial-invisalign-premium-2\/\",\"url\":\"https:\/\/commonsensealigners.com\/producto\/certificacion-oficial-invisalign-premium-2\/\",\"name\":\"Certificaci\u00f3n Oficial Invisalign - Common Sense Aligners\",\"isPartOf\":{\"@id\":\"https:\/\/commonsensealigners.com\/#website\"},\"primaryImageOfPage\":{\"@id\":\"https:\/\/commonsensealigners.com\/producto\/certificacion-oficial-invisalign-premium-2\/#primaryimage\"},\"image\":{\"@id\":\"https:\/\/commonsensealigners.com\/producto\/certificacion-oficial-invisalign-premium-2\/#primaryimage\"},\"thumbnailUrl\":\"https:\/\/commonsensealigners.com\/wp-content\/uploads\/2024\/07\/FOTOS-WEB-1.png\",\"datePublished\":\"2026-01-23T08:21:53+00:00\",\"dateModified\":\"2026-04-13T15:42:10+00:00\",\"breadcrumb\":{\"@id\":\"https:\/\/commonsensealigners.com\/producto\/certificacion-oficial-invisalign-premium-2\/#breadcrumb\"},\"inLanguage\":\"en-GB\",\"potentialAction\":[{\"@type\":\"ReadAction\",\"target\":[\"https:\/\/commonsensealigners.com\/producto\/certificacion-oficial-invisalign-premium-2\/\"]}]},{\"@type\":\"ImageObject\",\"inLanguage\":\"en-GB\",\"@id\":\"https:\/\/commonsensealigners.com\/producto\/certificacion-oficial-invisalign-premium-2\/#primaryimage\",\"url\":\"https:\/\/commonsensealigners.com\/wp-content\/uploads\/2024\/07\/FOTOS-WEB-1.png\",\"contentUrl\":\"https:\/\/commonsensealigners.com\/wp-content\/uploads\/2024\/07\/FOTOS-WEB-1.png\",\"width\":1080,\"height\":1080},{\"@type\":\"BreadcrumbList\",\"@id\":\"https:\/\/commonsensealigners.com\/producto\/certificacion-oficial-invisalign-premium-2\/#breadcrumb\",\"itemListElement\":[{\"@type\":\"ListItem\",\"position\":1,\"name\":\"Portada\",\"item\":\"https:\/\/commonsensealigners.com\/\"},{\"@type\":\"ListItem\",\"position\":2,\"name\":\"Tienda\",\"item\":\"https:\/\/commonsensealigners.com\/en\/tienda\/\"},{\"@type\":\"ListItem\",\"position\":3,\"name\":\"Certificaci\u00f3n Oficial Invisalign\"}]},{\"@type\":\"WebSite\",\"@id\":\"https:\/\/commonsensealigners.com\/#website\",\"url\":\"https:\/\/commonsensealigners.com\/\",\"name\":\"Common Sense Aligners\",\"description\":\"\",\"publisher\":{\"@id\":\"https:\/\/commonsensealigners.com\/#organization\"},\"potentialAction\":[{\"@type\":\"SearchAction\",\"target\":{\"@type\":\"EntryPoint\",\"urlTemplate\":\"https:\/\/commonsensealigners.com\/?s={search_term_string}\"},\"query-input\":\"required name=search_term_string\"}],\"inLanguage\":\"en-GB\"},{\"@type\":\"Organization\",\"@id\":\"https:\/\/commonsensealigners.com\/#organization\",\"name\":\"Common Sense Aligners\",\"url\":\"https:\/\/commonsensealigners.com\/\",\"logo\":{\"@type\":\"ImageObject\",\"inLanguage\":\"en-GB\",\"@id\":\"https:\/\/commonsensealigners.com\/#\/schema\/logo\/image\/\",\"url\":\"https:\/\/commonsensealigners.com\/wp-content\/uploads\/2024\/07\/CSA_Simbolo_3D_2.png\",\"contentUrl\":\"https:\/\/commonsensealigners.com\/wp-content\/uploads\/2024\/07\/CSA_Simbolo_3D_2.png\",\"width\":513,\"height\":513,\"caption\":\"Common Sense Aligners\"},\"image\":{\"@id\":\"https:\/\/commonsensealigners.com\/#\/schema\/logo\/image\/\"},\"sameAs\":[\"https:\/\/www.instagram.com\/commonsensealigners\"]}]}<\/script>\n<!-- \/ Yoast SEO plugin. -->","yoast_head_json":{"title":"Certificaci\u00f3n Oficial Invisalign - Common Sense Aligners","robots":{"index":"index","follow":"follow","max-snippet":"max-snippet:-1","max-image-preview":"max-image-preview:large","max-video-preview":"max-video-preview:-1"},"canonical":"https:\/\/commonsensealigners.com\/en\/product\/certificacion-oficial-invisalign-premium-2\/","og_locale":"en_GB","og_type":"article","og_title":"Certificaci\u00f3n Oficial Invisalign - Common Sense Aligners","og_description":"Descubre c\u00f3mo usar los alineadores con la m\u00e1xima confianza cl\u00ednica para hacer tus tratamientos con la misma tranquilidad que con Brackets.","og_url":"https:\/\/commonsensealigners.com\/en\/product\/certificacion-oficial-invisalign-premium-2\/","og_site_name":"Common Sense Aligners","article_publisher":"https:\/\/www.instagram.com\/commonsensealigners","article_modified_time":"2026-04-13T15:42:10+00:00","og_image":[{"width":1080,"height":1080,"url":"https:\/\/commonsensealigners.com\/wp-content\/uploads\/2024\/07\/FOTOS-WEB-1.png","type":"image\/png"}],"twitter_card":"summary_large_image","schema":{"@context":"https:\/\/schema.org","@graph":[{"@type":"WebPage","@id":"https:\/\/commonsensealigners.com\/producto\/certificacion-oficial-invisalign-premium-2\/","url":"https:\/\/commonsensealigners.com\/producto\/certificacion-oficial-invisalign-premium-2\/","name":"Certificaci\u00f3n Oficial Invisalign - Common Sense Aligners","isPartOf":{"@id":"https:\/\/commonsensealigners.com\/#website"},"primaryImageOfPage":{"@id":"https:\/\/commonsensealigners.com\/producto\/certificacion-oficial-invisalign-premium-2\/#primaryimage"},"image":{"@id":"https:\/\/commonsensealigners.com\/producto\/certificacion-oficial-invisalign-premium-2\/#primaryimage"},"thumbnailUrl":"https:\/\/commonsensealigners.com\/wp-content\/uploads\/2024\/07\/FOTOS-WEB-1.png","datePublished":"2026-01-23T08:21:53+00:00","dateModified":"2026-04-13T15:42:10+00:00","breadcrumb":{"@id":"https:\/\/commonsensealigners.com\/producto\/certificacion-oficial-invisalign-premium-2\/#breadcrumb"},"inLanguage":"en-GB","potentialAction":[{"@type":"ReadAction","target":["https:\/\/commonsensealigners.com\/producto\/certificacion-oficial-invisalign-premium-2\/"]}]},{"@type":"ImageObject","inLanguage":"en-GB","@id":"https:\/\/commonsensealigners.com\/producto\/certificacion-oficial-invisalign-premium-2\/#primaryimage","url":"https:\/\/commonsensealigners.com\/wp-content\/uploads\/2024\/07\/FOTOS-WEB-1.png","contentUrl":"https:\/\/commonsensealigners.com\/wp-content\/uploads\/2024\/07\/FOTOS-WEB-1.png","width":1080,"height":1080},{"@type":"BreadcrumbList","@id":"https:\/\/commonsensealigners.com\/producto\/certificacion-oficial-invisalign-premium-2\/#breadcrumb","itemListElement":[{"@type":"ListItem","position":1,"name":"Portada","item":"https:\/\/commonsensealigners.com\/"},{"@type":"ListItem","position":2,"name":"Tienda","item":"https:\/\/commonsensealigners.com\/en\/tienda\/"},{"@type":"ListItem","position":3,"name":"Certificaci\u00f3n Oficial Invisalign"}]},{"@type":"WebSite","@id":"https:\/\/commonsensealigners.com\/#website","url":"https:\/\/commonsensealigners.com\/","name":"Common Sense Aligners","description":"","publisher":{"@id":"https:\/\/commonsensealigners.com\/#organization"},"potentialAction":[{"@type":"SearchAction","target":{"@type":"EntryPoint","urlTemplate":"https:\/\/commonsensealigners.com\/?s={search_term_string}"},"query-input":"required name=search_term_string"}],"inLanguage":"en-GB"},{"@type":"Organization","@id":"https:\/\/commonsensealigners.com\/#organization","name":"Common Sense Aligners","url":"https:\/\/commonsensealigners.com\/","logo":{"@type":"ImageObject","inLanguage":"en-GB","@id":"https:\/\/commonsensealigners.com\/#\/schema\/logo\/image\/","url":"https:\/\/commonsensealigners.com\/wp-content\/uploads\/2024\/07\/CSA_Simbolo_3D_2.png","contentUrl":"https:\/\/commonsensealigners.com\/wp-content\/uploads\/2024\/07\/CSA_Simbolo_3D_2.png","width":513,"height":513,"caption":"Common Sense Aligners"},"image":{"@id":"https:\/\/commonsensealigners.com\/#\/schema\/logo\/image\/"},"sameAs":["https:\/\/www.instagram.com\/commonsensealigners"]}]}},"_links":{"self":[{"href":"https:\/\/commonsensealigners.com\/en\/wp-json\/wp\/v2\/product\/2029","targetHints":{"allow":["GET"]}}],"collection":[{"href":"https:\/\/commonsensealigners.com\/en\/wp-json\/wp\/v2\/product"}],"about":[{"href":"https:\/\/commonsensealigners.com\/en\/wp-json\/wp\/v2\/types\/product"}],"version-history":[{"count":5,"href":"https:\/\/commonsensealigners.com\/en\/wp-json\/wp\/v2\/product\/2029\/revisions"}],"predecessor-version":[{"id":2199,"href":"https:\/\/commonsensealigners.com\/en\/wp-json\/wp\/v2\/product\/2029\/revisions\/2199"}],"wp:featuredmedia":[{"embeddable":true,"href":"https:\/\/commonsensealigners.com\/en\/wp-json\/wp\/v2\/media\/141"}],"wp:attachment":[{"href":"https:\/\/commonsensealigners.com\/en\/wp-json\/wp\/v2\/media?parent=2029"}],"wp:term":[{"taxonomy":"product_brand","embeddable":true,"href":"https:\/\/commonsensealigners.com\/en\/wp-json\/wp\/v2\/product_brand?post=2029"},{"taxonomy":"product_cat","embeddable":true,"href":"https:\/\/commonsensealigners.com\/en\/wp-json\/wp\/v2\/product_cat?post=2029"},{"taxonomy":"product_tag","embeddable":true,"href":"https:\/\/commonsensealigners.com\/en\/wp-json\/wp\/v2\/product_tag?post=2029"}],"curies":[{"name":"wp","href":"https:\/\/api.w.org\/{rel}","templated":true}]}}