{"id":1997,"date":"2025-12-03T11:19:07","date_gmt":"2025-12-03T10:19:07","guid":{"rendered":"https:\/\/commonsensealigners.com\/?post_type=product&#038;p=1997"},"modified":"2025-12-03T11:20:13","modified_gmt":"2025-12-03T10:20:13","slug":"certificacion-oficial-invisalign-descuento","status":"publish","type":"product","link":"https:\/\/commonsensealigners.com\/en\/product\/certificacion-oficial-invisalign-descuento\/","title":{"rendered":"Certificaci\u00f3n Oficial Invisalign 10% de Descuento"},"content":{"rendered":"\t\t<div data-elementor-type=\"product-post\" data-elementor-id=\"1997\" class=\"elementor elementor-1997\" data-elementor-post-type=\"product\">\n\t\t\t\t<div class=\"elementor-element elementor-element-680aacf e-flex e-con-boxed e-con e-parent\" data-id=\"680aacf\" data-element_type=\"container\" data-e-type=\"container\">\n\t\t\t\t\t<div class=\"e-con-inner\">\n\t\t\t\t<div class=\"elementor-element elementor-element-b52fb99 elementor-widget elementor-widget-text-editor\" data-id=\"b52fb99\" data-element_type=\"widget\" data-e-type=\"widget\" data-widget_type=\"text-editor.default\">\n\t\t\t\t<div class=\"elementor-widget-container\">\n\t\t\t\t\t\t\t\t\t<p><strong>Contenido:<\/strong><\/p><p><span class=\"JCzEY tNxQIb\"><span class=\"CSkcDe\">\u2714<\/span><\/span> 10 lecciones cl\u00ednicas:<br \/>1. Software y gesti\u00f3n de tratamientos.<br \/>2. Introducci\u00f3n a los alineadores.<br \/>3. Estrategias biomec\u00e1nicas.<br \/>4. Api\u00f1amiento.<br \/>5. Espacios y diastemas.<br \/>6. Distalizaci\u00f3n.<br \/>7. Sobremordida.<br \/>8. Mordida abierta.<br \/>9. Extracciones.<br \/>10. ni\u00f1os y adolesccentes.<\/p><p><span class=\"JCzEY tNxQIb\"><span class=\"CSkcDe\">\u2714<\/span><\/span> 10 lecciones de marketing:<br \/>1. Consentimientos.<br \/>2. Instrucciones a pacientes.<br \/>3. Seccuencia primera visita.<br \/>4. Seguimiento primeras visitas.<br \/>5. Protocolos primeros alineadores.<br \/>6. Calculadora rntabilidad.<br \/>7. Financiaciones de terceros.<br \/>8. Motivaci\u00f3n del equipo humano.<br \/>9. Plan anual de comunicaci\u00f3n.<br \/>10. Estrategia 100 casos\/a\u00f1o.<\/p><p><strong>Al final de cada clase tendr\u00e1s&#8230;<\/strong><\/p><p><span class=\"JCzEY tNxQIb\"><span class=\"CSkcDe\">\u2714<\/span><\/span> Ejercicios de an\u00e1lisis oclusal y seguimiento cl\u00ednico.<br \/><span class=\"JCzEY tNxQIb\"><span class=\"CSkcDe\">\u2714<\/span><\/span> Temas escritos con contenidos exclusivos.<\/p><p><strong>Nuestro programa incluye:<\/strong><\/p><p><span class=\"JCzEY tNxQIb\"><span class=\"CSkcDe\">\u2714 <\/span><\/span>Certificaci\u00f3n oficial de Invisalign.<br \/><span class=\"JCzEY tNxQIb\"><span class=\"CSkcDe\">\u2714<\/span><\/span> Revisi\u00f3n de ClinChecks todos los martes y jueves desde las 9:30.<br \/><span class=\"JCzEY tNxQIb\"><span class=\"CSkcDe\">\u2714<\/span><\/span> Soporte cl\u00ednico por chat privado con el Dr. Lozano.<br \/><span class=\"JCzEY tNxQIb\"><span class=\"CSkcDe\">\u2714<\/span><\/span> 40 semanas de formaci\u00f3n online en Biomec\u00e1nica.<br \/><span class=\"JCzEY tNxQIb\"><span class=\"CSkcDe\">\u2714<\/span><\/span> 40 semanas de formaci\u00f3n online en Marketing.<br \/><span class=\"JCzEY tNxQIb\"><span class=\"CSkcDe\">\u2714<\/span><\/span> 20% de descuento en la marca Invisalign durante 12 meses.<\/p><p>\u00a0<\/p><p><strong>Ll\u00e9vate el programa rellenando este formulario.<\/strong><\/p>\t\t\t\t\t\t\t\t<\/div>\n\t\t\t\t<\/div>\n\t\t\t\t\t<\/div>\n\t\t\t\t<\/div>\n\t\t<div class=\"elementor-element elementor-element-e8dca69 e-flex e-con-boxed e-con e-parent\" data-id=\"e8dca69\" data-element_type=\"container\" data-e-type=\"container\">\n\t\t\t\t\t<div class=\"e-con-inner\">\n\t\t\t\t<div class=\"elementor-element elementor-element-56cf02a elementor-button-align-stretch elementor-widget elementor-widget-form\" data-id=\"56cf02a\" data-element_type=\"widget\" data-e-type=\"widget\" data-settings=\"{&quot;step_next_label&quot;:&quot;Siguiente&quot;,&quot;step_previous_label&quot;:&quot;Anterior&quot;,&quot;button_width&quot;:&quot;100&quot;,&quot;step_type&quot;:&quot;number_text&quot;,&quot;step_icon_shape&quot;:&quot;circle&quot;}\" data-widget_type=\"form.default\">\n\t\t\t\t<div class=\"elementor-widget-container\">\n\t\t\t\t\t\t\t<form class=\"elementor-form\" method=\"post\" name=\"Nuevo formulario\" aria-label=\"Nuevo formulario\">\n\t\t\t<input type=\"hidden\" name=\"post_id\" value=\"1997\"\/>\n\t\t\t<input type=\"hidden\" name=\"form_id\" value=\"56cf02a\"\/>\n\t\t\t<input type=\"hidden\" name=\"referer_title\" value=\"Certificaci\u00f3n Oficial Invisalign 10% de Descuento - Common Sense Aligners\" \/>\n\n\t\t\t\t\t\t\t<input type=\"hidden\" name=\"queried_id\" value=\"1997\"\/>\n\t\t\t\n\t\t\t<div class=\"elementor-form-fields-wrapper elementor-labels-above\">\n\t\t\t\t\t\t\t\t<div class=\"elementor-field-type-text elementor-field-group elementor-column elementor-field-group-name elementor-col-100\">\n\t\t\t\t\t\t\t\t\t\t\t\t<label for=\"form-field-name\" class=\"elementor-field-label\">\n\t\t\t\t\t\t\t\tNombre\t\t\t\t\t\t\t<\/label>\n\t\t\t\t\t\t\t\t\t\t\t\t\t\t<input size=\"1\" type=\"text\" name=\"form_fields[name]\" id=\"form-field-name\" class=\"elementor-field elementor-size-sm  elementor-field-textual\" placeholder=\"Nombre\">\n\t\t\t\t\t\t\t\t\t\t\t<\/div>\n\t\t\t\t\t\t\t\t<div class=\"elementor-field-type-email elementor-field-group elementor-column elementor-field-group-email elementor-col-100 elementor-field-required\">\n\t\t\t\t\t\t\t\t\t\t\t\t<label for=\"form-field-email\" class=\"elementor-field-label\">\n\t\t\t\t\t\t\t\tCorreo electr\u00f3nico\t\t\t\t\t\t\t<\/label>\n\t\t\t\t\t\t\t\t\t\t\t\t\t\t<input size=\"1\" type=\"email\" name=\"form_fields[email]\" id=\"form-field-email\" class=\"elementor-field elementor-size-sm  elementor-field-textual\" placeholder=\"Correo electr\u00f3nico\" required=\"required\">\n\t\t\t\t\t\t\t\t\t\t\t<\/div>\n\t\t\t\t\t\t\t\t<div class=\"elementor-field-type-tel elementor-field-group elementor-column elementor-field-group-message elementor-col-100 elementor-field-required\">\n\t\t\t\t\t\t\t\t\t\t\t\t<label for=\"form-field-message\" class=\"elementor-field-label\">\n\t\t\t\t\t\t\t\tTel\u00e9fono\t\t\t\t\t\t\t<\/label>\n\t\t\t\t\t\t\t\t<input size=\"1\" type=\"tel\" name=\"form_fields[message]\" id=\"form-field-message\" class=\"elementor-field elementor-size-sm  elementor-field-textual\" placeholder=\"Tel\u00e9fono\" required=\"required\" pattern=\"[0-9()#&amp;+*-=.]+\" title=\"Only numbers and phone characters (#, -, *, etc) are accepted.\">\n\n\t\t\t\t\t\t<\/div>\n\t\t\t\t\t\t\t\t<div class=\"elementor-field-group elementor-column elementor-field-type-submit elementor-col-100 e-form__buttons\">\n\t\t\t\t\t<button class=\"elementor-button elementor-size-sm\" type=\"submit\">\n\t\t\t\t\t\t<span class=\"elementor-button-content-wrapper\">\n\t\t\t\t\t\t\t\t\t\t\t\t\t\t\t\t\t\t\t\t\t\t<span class=\"elementor-button-text\">Enviar<\/span>\n\t\t\t\t\t\t\t\t\t\t\t\t\t<\/span>\n\t\t\t\t\t<\/button>\n\t\t\t\t<\/div>\n\t\t\t<\/div>\n\t\t<\/form>\n\t\t\t\t\t\t<\/div>\n\t\t\t\t<\/div>\n\t\t\t\t\t<\/div>\n\t\t\t\t<\/div>\n\t\t\t\t<\/div>\n\t\t","protected":false},"excerpt":{"rendered":"<p>Get certified with us and double the number of Invisalign treatments in less than 12 months.<\/p>","protected":false},"featured_media":141,"template":"","meta":{"_acf_changed":false,"_kad_post_transparent":"default","_kad_post_title":"","_kad_post_layout":"default","_kad_post_sidebar_id":"","_kad_post_content_style":"default","_kad_post_vertical_padding":"default","_kad_post_feature":"","_kad_post_feature_position":"","_kad_post_header":false,"_kad_post_footer":false},"product_brand":[],"product_cat":[21],"product_tag":[],"class_list":{"0":"post-1997","1":"product","2":"type-product","3":"status-publish","4":"has-post-thumbnail","6":"product_cat-sin-categorizar","8":"first","9":"instock","10":"virtual","11":"sold-individually","12":"taxable","13":"purchasable","14":"product-type-simple","15":"entry","16":"content-bg","17":"loop-entry"},"acf":[],"yoast_head":"<!-- This site is optimized with the Yoast SEO plugin v23.3 - https:\/\/yoast.com\/wordpress\/plugins\/seo\/ -->\n<title>Certificaci\u00f3n Oficial Invisalign 10% de Descuento - Common Sense Aligners<\/title>\n<meta name=\"robots\" content=\"index, follow, max-snippet:-1, max-image-preview:large, max-video-preview:-1\" \/>\n<link rel=\"canonical\" href=\"https:\/\/commonsensealigners.com\/en\/product\/certificacion-oficial-invisalign-descuento\/\" \/>\n<meta property=\"og:locale\" content=\"en_GB\" \/>\n<meta property=\"og:type\" content=\"article\" \/>\n<meta property=\"og:title\" content=\"Certificaci\u00f3n Oficial Invisalign 10% de Descuento - Common Sense Aligners\" \/>\n<meta property=\"og:description\" content=\"Certif\u00edcate con nosotros y duplica el n\u00famero de tratamientos de Invisalign en menos de 12 meses.\" \/>\n<meta property=\"og:url\" content=\"https:\/\/commonsensealigners.com\/en\/product\/certificacion-oficial-invisalign-descuento\/\" \/>\n<meta property=\"og:site_name\" content=\"Common Sense Aligners\" \/>\n<meta property=\"article:publisher\" content=\"https:\/\/www.instagram.com\/commonsensealigners\" \/>\n<meta property=\"article:modified_time\" content=\"2025-12-03T10:20:13+00:00\" \/>\n<meta property=\"og:image\" content=\"https:\/\/commonsensealigners.com\/wp-content\/uploads\/2024\/07\/FOTOS-WEB-1.png\" \/>\n\t<meta property=\"og:image:width\" content=\"1080\" \/>\n\t<meta property=\"og:image:height\" content=\"1080\" \/>\n\t<meta property=\"og:image:type\" content=\"image\/png\" \/>\n<meta name=\"twitter:card\" content=\"summary_large_image\" \/>\n<script type=\"application\/ld+json\" class=\"yoast-schema-graph\">{\"@context\":\"https:\/\/schema.org\",\"@graph\":[{\"@type\":\"WebPage\",\"@id\":\"https:\/\/commonsensealigners.com\/producto\/certificacion-oficial-invisalign-descuento\/\",\"url\":\"https:\/\/commonsensealigners.com\/producto\/certificacion-oficial-invisalign-descuento\/\",\"name\":\"Certificaci\u00f3n Oficial Invisalign 10% de Descuento - Common Sense Aligners\",\"isPartOf\":{\"@id\":\"https:\/\/commonsensealigners.com\/#website\"},\"primaryImageOfPage\":{\"@id\":\"https:\/\/commonsensealigners.com\/producto\/certificacion-oficial-invisalign-descuento\/#primaryimage\"},\"image\":{\"@id\":\"https:\/\/commonsensealigners.com\/producto\/certificacion-oficial-invisalign-descuento\/#primaryimage\"},\"thumbnailUrl\":\"https:\/\/commonsensealigners.com\/wp-content\/uploads\/2024\/07\/FOTOS-WEB-1.png\",\"datePublished\":\"2025-12-03T10:19:07+00:00\",\"dateModified\":\"2025-12-03T10:20:13+00:00\",\"breadcrumb\":{\"@id\":\"https:\/\/commonsensealigners.com\/producto\/certificacion-oficial-invisalign-descuento\/#breadcrumb\"},\"inLanguage\":\"en-GB\",\"potentialAction\":[{\"@type\":\"ReadAction\",\"target\":[\"https:\/\/commonsensealigners.com\/producto\/certificacion-oficial-invisalign-descuento\/\"]}]},{\"@type\":\"ImageObject\",\"inLanguage\":\"en-GB\",\"@id\":\"https:\/\/commonsensealigners.com\/producto\/certificacion-oficial-invisalign-descuento\/#primaryimage\",\"url\":\"https:\/\/commonsensealigners.com\/wp-content\/uploads\/2024\/07\/FOTOS-WEB-1.png\",\"contentUrl\":\"https:\/\/commonsensealigners.com\/wp-content\/uploads\/2024\/07\/FOTOS-WEB-1.png\",\"width\":1080,\"height\":1080},{\"@type\":\"BreadcrumbList\",\"@id\":\"https:\/\/commonsensealigners.com\/producto\/certificacion-oficial-invisalign-descuento\/#breadcrumb\",\"itemListElement\":[{\"@type\":\"ListItem\",\"position\":1,\"name\":\"Portada\",\"item\":\"https:\/\/commonsensealigners.com\/\"},{\"@type\":\"ListItem\",\"position\":2,\"name\":\"Tienda\",\"item\":\"https:\/\/commonsensealigners.com\/en\/tienda\/\"},{\"@type\":\"ListItem\",\"position\":3,\"name\":\"Certificaci\u00f3n Oficial Invisalign 10% de Descuento\"}]},{\"@type\":\"WebSite\",\"@id\":\"https:\/\/commonsensealigners.com\/#website\",\"url\":\"https:\/\/commonsensealigners.com\/\",\"name\":\"Common Sense Aligners\",\"description\":\"\",\"publisher\":{\"@id\":\"https:\/\/commonsensealigners.com\/#organization\"},\"potentialAction\":[{\"@type\":\"SearchAction\",\"target\":{\"@type\":\"EntryPoint\",\"urlTemplate\":\"https:\/\/commonsensealigners.com\/?s={search_term_string}\"},\"query-input\":\"required name=search_term_string\"}],\"inLanguage\":\"en-GB\"},{\"@type\":\"Organization\",\"@id\":\"https:\/\/commonsensealigners.com\/#organization\",\"name\":\"Common Sense Aligners\",\"url\":\"https:\/\/commonsensealigners.com\/\",\"logo\":{\"@type\":\"ImageObject\",\"inLanguage\":\"en-GB\",\"@id\":\"https:\/\/commonsensealigners.com\/#\/schema\/logo\/image\/\",\"url\":\"https:\/\/commonsensealigners.com\/wp-content\/uploads\/2024\/07\/CSA_Simbolo_3D_2.png\",\"contentUrl\":\"https:\/\/commonsensealigners.com\/wp-content\/uploads\/2024\/07\/CSA_Simbolo_3D_2.png\",\"width\":513,\"height\":513,\"caption\":\"Common Sense Aligners\"},\"image\":{\"@id\":\"https:\/\/commonsensealigners.com\/#\/schema\/logo\/image\/\"},\"sameAs\":[\"https:\/\/www.instagram.com\/commonsensealigners\"]}]}<\/script>\n<!-- \/ Yoast SEO plugin. -->","yoast_head_json":{"title":"Certificaci\u00f3n Oficial Invisalign 10% de Descuento - Common Sense Aligners","robots":{"index":"index","follow":"follow","max-snippet":"max-snippet:-1","max-image-preview":"max-image-preview:large","max-video-preview":"max-video-preview:-1"},"canonical":"https:\/\/commonsensealigners.com\/en\/product\/certificacion-oficial-invisalign-descuento\/","og_locale":"en_GB","og_type":"article","og_title":"Certificaci\u00f3n Oficial Invisalign 10% de Descuento - Common Sense Aligners","og_description":"Certif\u00edcate con nosotros y duplica el n\u00famero de tratamientos de Invisalign en menos de 12 meses.","og_url":"https:\/\/commonsensealigners.com\/en\/product\/certificacion-oficial-invisalign-descuento\/","og_site_name":"Common Sense Aligners","article_publisher":"https:\/\/www.instagram.com\/commonsensealigners","article_modified_time":"2025-12-03T10:20:13+00:00","og_image":[{"width":1080,"height":1080,"url":"https:\/\/commonsensealigners.com\/wp-content\/uploads\/2024\/07\/FOTOS-WEB-1.png","type":"image\/png"}],"twitter_card":"summary_large_image","schema":{"@context":"https:\/\/schema.org","@graph":[{"@type":"WebPage","@id":"https:\/\/commonsensealigners.com\/producto\/certificacion-oficial-invisalign-descuento\/","url":"https:\/\/commonsensealigners.com\/producto\/certificacion-oficial-invisalign-descuento\/","name":"Certificaci\u00f3n Oficial Invisalign 10% de Descuento - Common Sense Aligners","isPartOf":{"@id":"https:\/\/commonsensealigners.com\/#website"},"primaryImageOfPage":{"@id":"https:\/\/commonsensealigners.com\/producto\/certificacion-oficial-invisalign-descuento\/#primaryimage"},"image":{"@id":"https:\/\/commonsensealigners.com\/producto\/certificacion-oficial-invisalign-descuento\/#primaryimage"},"thumbnailUrl":"https:\/\/commonsensealigners.com\/wp-content\/uploads\/2024\/07\/FOTOS-WEB-1.png","datePublished":"2025-12-03T10:19:07+00:00","dateModified":"2025-12-03T10:20:13+00:00","breadcrumb":{"@id":"https:\/\/commonsensealigners.com\/producto\/certificacion-oficial-invisalign-descuento\/#breadcrumb"},"inLanguage":"en-GB","potentialAction":[{"@type":"ReadAction","target":["https:\/\/commonsensealigners.com\/producto\/certificacion-oficial-invisalign-descuento\/"]}]},{"@type":"ImageObject","inLanguage":"en-GB","@id":"https:\/\/commonsensealigners.com\/producto\/certificacion-oficial-invisalign-descuento\/#primaryimage","url":"https:\/\/commonsensealigners.com\/wp-content\/uploads\/2024\/07\/FOTOS-WEB-1.png","contentUrl":"https:\/\/commonsensealigners.com\/wp-content\/uploads\/2024\/07\/FOTOS-WEB-1.png","width":1080,"height":1080},{"@type":"BreadcrumbList","@id":"https:\/\/commonsensealigners.com\/producto\/certificacion-oficial-invisalign-descuento\/#breadcrumb","itemListElement":[{"@type":"ListItem","position":1,"name":"Portada","item":"https:\/\/commonsensealigners.com\/"},{"@type":"ListItem","position":2,"name":"Tienda","item":"https:\/\/commonsensealigners.com\/en\/tienda\/"},{"@type":"ListItem","position":3,"name":"Certificaci\u00f3n Oficial Invisalign 10% de Descuento"}]},{"@type":"WebSite","@id":"https:\/\/commonsensealigners.com\/#website","url":"https:\/\/commonsensealigners.com\/","name":"Common Sense Aligners","description":"","publisher":{"@id":"https:\/\/commonsensealigners.com\/#organization"},"potentialAction":[{"@type":"SearchAction","target":{"@type":"EntryPoint","urlTemplate":"https:\/\/commonsensealigners.com\/?s={search_term_string}"},"query-input":"required name=search_term_string"}],"inLanguage":"en-GB"},{"@type":"Organization","@id":"https:\/\/commonsensealigners.com\/#organization","name":"Common Sense Aligners","url":"https:\/\/commonsensealigners.com\/","logo":{"@type":"ImageObject","inLanguage":"en-GB","@id":"https:\/\/commonsensealigners.com\/#\/schema\/logo\/image\/","url":"https:\/\/commonsensealigners.com\/wp-content\/uploads\/2024\/07\/CSA_Simbolo_3D_2.png","contentUrl":"https:\/\/commonsensealigners.com\/wp-content\/uploads\/2024\/07\/CSA_Simbolo_3D_2.png","width":513,"height":513,"caption":"Common Sense Aligners"},"image":{"@id":"https:\/\/commonsensealigners.com\/#\/schema\/logo\/image\/"},"sameAs":["https:\/\/www.instagram.com\/commonsensealigners"]}]}},"_links":{"self":[{"href":"https:\/\/commonsensealigners.com\/en\/wp-json\/wp\/v2\/product\/1997","targetHints":{"allow":["GET"]}}],"collection":[{"href":"https:\/\/commonsensealigners.com\/en\/wp-json\/wp\/v2\/product"}],"about":[{"href":"https:\/\/commonsensealigners.com\/en\/wp-json\/wp\/v2\/types\/product"}],"version-history":[{"count":1,"href":"https:\/\/commonsensealigners.com\/en\/wp-json\/wp\/v2\/product\/1997\/revisions"}],"predecessor-version":[{"id":1998,"href":"https:\/\/commonsensealigners.com\/en\/wp-json\/wp\/v2\/product\/1997\/revisions\/1998"}],"wp:featuredmedia":[{"embeddable":true,"href":"https:\/\/commonsensealigners.com\/en\/wp-json\/wp\/v2\/media\/141"}],"wp:attachment":[{"href":"https:\/\/commonsensealigners.com\/en\/wp-json\/wp\/v2\/media?parent=1997"}],"wp:term":[{"taxonomy":"product_brand","embeddable":true,"href":"https:\/\/commonsensealigners.com\/en\/wp-json\/wp\/v2\/product_brand?post=1997"},{"taxonomy":"product_cat","embeddable":true,"href":"https:\/\/commonsensealigners.com\/en\/wp-json\/wp\/v2\/product_cat?post=1997"},{"taxonomy":"product_tag","embeddable":true,"href":"https:\/\/commonsensealigners.com\/en\/wp-json\/wp\/v2\/product_tag?post=1997"}],"curies":[{"name":"wp","href":"https:\/\/api.w.org\/{rel}","templated":true}]}}