{"id":1984,"date":"2025-11-25T19:37:53","date_gmt":"2025-11-25T18:37:53","guid":{"rendered":"https:\/\/commonsensealigners.com\/?post_type=product&#038;p=1984"},"modified":"2025-11-25T19:38:48","modified_gmt":"2025-11-25T18:38:48","slug":"sba-estancia-bf","status":"publish","type":"product","link":"https:\/\/commonsensealigners.com\/en\/product\/sba-estancia-bf\/","title":{"rendered":"SBA + Estancia BF"},"content":{"rendered":"\t\t<div data-elementor-type=\"product-post\" data-elementor-id=\"1984\" class=\"elementor elementor-1984\" data-elementor-post-type=\"product\">\n\t\t\t\t<div class=\"elementor-element elementor-element-14389ccc e-flex e-con-boxed e-con e-parent\" data-id=\"14389ccc\" data-element_type=\"container\" data-e-type=\"container\">\n\t\t\t\t\t<div class=\"e-con-inner\">\n\t\t\t\t<div class=\"elementor-element elementor-element-3d1d6f17 elementor-widget elementor-widget-text-editor\" data-id=\"3d1d6f17\" data-element_type=\"widget\" data-e-type=\"widget\" data-widget_type=\"text-editor.default\">\n\t\t\t\t<div class=\"elementor-widget-container\">\n\t\t\t\t\t\t\t\t\t<p><strong>Contenido:<\/strong><\/p><p><strong>M\u00f3dulo 1:<\/strong> Diagn\u00f3stico de lo alineadores.<br \/><strong>M\u00f3dulo 2:<\/strong> Biomec\u00e1nica de los alineadores.<br \/><strong>M\u00f3dulo 3:<\/strong> Expansi\u00f3n dental y esquel\u00e9tica.<br \/><strong>M\u00f3dulo 4:<\/strong> Diastemas y Espacios Prepot\u00e9sicos.<br \/><strong>M\u00f3dulo 5: <\/strong>Distalizaci\u00f3n en clases II y III.<br \/><strong>M\u00f3dulo 6:<\/strong> Problema sagital sin minitornillos.<br \/><strong>M\u00f3dulo 7: <\/strong>Mordida abierta.<br \/><strong>M\u00f3dulo 8:<\/strong> Sobremordida.<br \/><strong>M\u00f3dulo 9: <\/strong>Extracciones de premolares e incisivos.<br \/><strong>M\u00f3dulo 10: <\/strong>Alineadores en ni\u00f1os y adolescentes.<\/p><p><strong>Bonus y soporte:<\/strong><\/p><p><span class=\"JCzEY tNxQIb\"><span class=\"CSkcDe\">\u2714<\/span><\/span> Revisi\u00f3n de tus propios casos con el Doctor Javier Lozano.<br \/><span class=\"JCzEY tNxQIb\"><span class=\"CSkcDe\">\u2714<\/span><\/span> Soporte po aplicaci\u00f3n privada de mensajer\u00eda durante 10 meses.<br \/><span class=\"JCzEY tNxQIb\"><span class=\"CSkcDe\">\u2714<\/span><\/span> Los 10 documentos m\u00e1s importantes para llevar tu consulta al m\u00e1s alto nivel con alineadores.<br \/><span class=\"JCzEY tNxQIb\"><span class=\"CSkcDe\">\u2714 40 masterclass de Marketing y gesti\u00f3n de cl\u00ednicas.<\/span><\/span><br \/><span class=\"JCzEY tNxQIb\"><span class=\"CSkcDe\">\u2714 <\/span><\/span>Libro del Dr. Lozano &#8220;100 nuevos casos de Invisalign al a\u00f1o.&#8221;<\/p><p>\u00a0<\/p><p><strong>Ll\u00e9vate el programa rellenando este formulario.<\/strong><\/p>\t\t\t\t\t\t\t\t<\/div>\n\t\t\t\t<\/div>\n\t\t\t\t\t<\/div>\n\t\t\t\t<\/div>\n\t\t<div class=\"elementor-element elementor-element-83dba68 e-flex e-con-boxed e-con e-parent\" data-id=\"83dba68\" data-element_type=\"container\" data-e-type=\"container\">\n\t\t\t\t\t<div class=\"e-con-inner\">\n\t\t\t\t<div class=\"elementor-element elementor-element-28196f6 elementor-button-align-stretch elementor-widget elementor-widget-form\" data-id=\"28196f6\" data-element_type=\"widget\" data-e-type=\"widget\" data-settings=\"{&quot;step_next_label&quot;:&quot;Siguiente&quot;,&quot;step_previous_label&quot;:&quot;Anterior&quot;,&quot;button_width&quot;:&quot;100&quot;,&quot;step_type&quot;:&quot;number_text&quot;,&quot;step_icon_shape&quot;:&quot;circle&quot;}\" data-widget_type=\"form.default\">\n\t\t\t\t<div class=\"elementor-widget-container\">\n\t\t\t\t\t\t\t<form class=\"elementor-form\" method=\"post\" name=\"Nuevo formulario\" aria-label=\"Nuevo formulario\">\n\t\t\t<input type=\"hidden\" name=\"post_id\" value=\"1984\"\/>\n\t\t\t<input type=\"hidden\" name=\"form_id\" value=\"28196f6\"\/>\n\t\t\t<input type=\"hidden\" name=\"referer_title\" value=\"SBA + Estancia BF - Common Sense Aligners\" \/>\n\n\t\t\t\t\t\t\t<input type=\"hidden\" name=\"queried_id\" value=\"1984\"\/>\n\t\t\t\n\t\t\t<div class=\"elementor-form-fields-wrapper elementor-labels-above\">\n\t\t\t\t\t\t\t\t<div class=\"elementor-field-type-text elementor-field-group elementor-column elementor-field-group-name elementor-col-100\">\n\t\t\t\t\t\t\t\t\t\t\t\t<label for=\"form-field-name\" class=\"elementor-field-label\">\n\t\t\t\t\t\t\t\tNombre\t\t\t\t\t\t\t<\/label>\n\t\t\t\t\t\t\t\t\t\t\t\t\t\t<input size=\"1\" type=\"text\" name=\"form_fields[name]\" id=\"form-field-name\" class=\"elementor-field elementor-size-sm  elementor-field-textual\" placeholder=\"Nombre\">\n\t\t\t\t\t\t\t\t\t\t\t<\/div>\n\t\t\t\t\t\t\t\t<div class=\"elementor-field-type-email elementor-field-group elementor-column elementor-field-group-email elementor-col-100 elementor-field-required\">\n\t\t\t\t\t\t\t\t\t\t\t\t<label for=\"form-field-email\" class=\"elementor-field-label\">\n\t\t\t\t\t\t\t\tCorreo electr\u00f3nico\t\t\t\t\t\t\t<\/label>\n\t\t\t\t\t\t\t\t\t\t\t\t\t\t<input size=\"1\" type=\"email\" name=\"form_fields[email]\" id=\"form-field-email\" class=\"elementor-field elementor-size-sm  elementor-field-textual\" placeholder=\"Correo electr\u00f3nico\" required=\"required\">\n\t\t\t\t\t\t\t\t\t\t\t<\/div>\n\t\t\t\t\t\t\t\t<div class=\"elementor-field-type-tel elementor-field-group elementor-column elementor-field-group-message elementor-col-100 elementor-field-required\">\n\t\t\t\t\t\t\t\t\t\t\t\t<label for=\"form-field-message\" class=\"elementor-field-label\">\n\t\t\t\t\t\t\t\tTel\u00e9fono\t\t\t\t\t\t\t<\/label>\n\t\t\t\t\t\t\t\t<input size=\"1\" type=\"tel\" name=\"form_fields[message]\" id=\"form-field-message\" class=\"elementor-field elementor-size-sm  elementor-field-textual\" placeholder=\"Tel\u00e9fono\" required=\"required\" pattern=\"[0-9()#&amp;+*-=.]+\" title=\"Only numbers and phone characters (#, -, *, etc) are accepted.\">\n\n\t\t\t\t\t\t<\/div>\n\t\t\t\t\t\t\t\t<div class=\"elementor-field-group elementor-column elementor-field-type-submit elementor-col-100 e-form__buttons\">\n\t\t\t\t\t<button class=\"elementor-button elementor-size-sm\" type=\"submit\">\n\t\t\t\t\t\t<span class=\"elementor-button-content-wrapper\">\n\t\t\t\t\t\t\t\t\t\t\t\t\t\t\t\t\t\t\t\t\t\t<span class=\"elementor-button-text\">Enviar<\/span>\n\t\t\t\t\t\t\t\t\t\t\t\t\t<\/span>\n\t\t\t\t\t<\/button>\n\t\t\t\t<\/div>\n\t\t\t<\/div>\n\t\t<\/form>\n\t\t\t\t\t\t<\/div>\n\t\t\t\t<\/div>\n\t\t\t\t\t<\/div>\n\t\t\t\t<\/div>\n\t\t\t\t<\/div>\n\t\t","protected":false},"excerpt":{"rendered":"<p>Aprende a usar los alineadores con la m\u00e1xima confianza cl\u00ednica para hacer tus tratamientos con la misma tranquilidad que con Brackets.<\/p>\n<p>Descubre mano a mano todo lo que hay detr\u00e1s de una cl\u00ednica de ortodoncia exclusiva que inicia +300 tratamientos al a\u00f1o.<\/p>","protected":false},"featured_media":141,"template":"","meta":{"_acf_changed":false,"_kad_post_transparent":"default","_kad_post_title":"","_kad_post_layout":"default","_kad_post_sidebar_id":"","_kad_post_content_style":"default","_kad_post_vertical_padding":"default","_kad_post_feature":"","_kad_post_feature_position":"","_kad_post_header":false,"_kad_post_footer":false},"product_brand":[],"product_cat":[21],"product_tag":[],"class_list":{"0":"post-1984","1":"product","2":"type-product","3":"status-publish","4":"has-post-thumbnail","6":"product_cat-sin-categorizar","8":"first","9":"instock","10":"virtual","11":"sold-individually","12":"taxable","13":"purchasable","14":"product-type-simple","15":"entry","16":"content-bg","17":"loop-entry"},"acf":[],"yoast_head":"<!-- This site is optimized with the Yoast SEO plugin v23.3 - https:\/\/yoast.com\/wordpress\/plugins\/seo\/ -->\n<title>SBA + Estancia BF - Common Sense Aligners<\/title>\n<meta name=\"robots\" content=\"index, follow, max-snippet:-1, max-image-preview:large, max-video-preview:-1\" \/>\n<link rel=\"canonical\" href=\"https:\/\/commonsensealigners.com\/en\/product\/sba-estancia-bf\/\" \/>\n<meta property=\"og:locale\" content=\"en_GB\" \/>\n<meta property=\"og:type\" content=\"article\" \/>\n<meta property=\"og:title\" content=\"SBA + Estancia BF - Common Sense Aligners\" \/>\n<meta property=\"og:description\" content=\"Aprende a usar los alineadores con la m\u00e1xima confianza cl\u00ednica para hacer tus tratamientos con la misma tranquilidad que con Brackets.  Descubre mano a mano todo lo que hay detr\u00e1s de una cl\u00ednica de ortodoncia exclusiva que inicia +300 tratamientos al a\u00f1o.\" \/>\n<meta property=\"og:url\" content=\"https:\/\/commonsensealigners.com\/en\/product\/sba-estancia-bf\/\" \/>\n<meta property=\"og:site_name\" content=\"Common Sense Aligners\" \/>\n<meta property=\"article:publisher\" content=\"https:\/\/www.instagram.com\/commonsensealigners\" \/>\n<meta property=\"article:modified_time\" content=\"2025-11-25T18:38:48+00:00\" \/>\n<meta property=\"og:image\" content=\"https:\/\/commonsensealigners.com\/wp-content\/uploads\/2024\/07\/FOTOS-WEB-1.png\" \/>\n\t<meta property=\"og:image:width\" content=\"1080\" \/>\n\t<meta property=\"og:image:height\" content=\"1080\" \/>\n\t<meta property=\"og:image:type\" content=\"image\/png\" \/>\n<meta name=\"twitter:card\" content=\"summary_large_image\" \/>\n<meta name=\"twitter:label1\" content=\"Estimated reading time\" \/>\n\t<meta name=\"twitter:data1\" content=\"1 minute\" \/>\n<script type=\"application\/ld+json\" class=\"yoast-schema-graph\">{\"@context\":\"https:\/\/schema.org\",\"@graph\":[{\"@type\":\"WebPage\",\"@id\":\"https:\/\/commonsensealigners.com\/producto\/sba-estancia-bf\/\",\"url\":\"https:\/\/commonsensealigners.com\/producto\/sba-estancia-bf\/\",\"name\":\"SBA + Estancia BF - Common Sense Aligners\",\"isPartOf\":{\"@id\":\"https:\/\/commonsensealigners.com\/#website\"},\"primaryImageOfPage\":{\"@id\":\"https:\/\/commonsensealigners.com\/producto\/sba-estancia-bf\/#primaryimage\"},\"image\":{\"@id\":\"https:\/\/commonsensealigners.com\/producto\/sba-estancia-bf\/#primaryimage\"},\"thumbnailUrl\":\"https:\/\/commonsensealigners.com\/wp-content\/uploads\/2024\/07\/FOTOS-WEB-1.png\",\"datePublished\":\"2025-11-25T18:37:53+00:00\",\"dateModified\":\"2025-11-25T18:38:48+00:00\",\"breadcrumb\":{\"@id\":\"https:\/\/commonsensealigners.com\/producto\/sba-estancia-bf\/#breadcrumb\"},\"inLanguage\":\"en-GB\",\"potentialAction\":[{\"@type\":\"ReadAction\",\"target\":[\"https:\/\/commonsensealigners.com\/producto\/sba-estancia-bf\/\"]}]},{\"@type\":\"ImageObject\",\"inLanguage\":\"en-GB\",\"@id\":\"https:\/\/commonsensealigners.com\/producto\/sba-estancia-bf\/#primaryimage\",\"url\":\"https:\/\/commonsensealigners.com\/wp-content\/uploads\/2024\/07\/FOTOS-WEB-1.png\",\"contentUrl\":\"https:\/\/commonsensealigners.com\/wp-content\/uploads\/2024\/07\/FOTOS-WEB-1.png\",\"width\":1080,\"height\":1080},{\"@type\":\"BreadcrumbList\",\"@id\":\"https:\/\/commonsensealigners.com\/producto\/sba-estancia-bf\/#breadcrumb\",\"itemListElement\":[{\"@type\":\"ListItem\",\"position\":1,\"name\":\"Portada\",\"item\":\"https:\/\/commonsensealigners.com\/\"},{\"@type\":\"ListItem\",\"position\":2,\"name\":\"Tienda\",\"item\":\"https:\/\/commonsensealigners.com\/en\/tienda\/\"},{\"@type\":\"ListItem\",\"position\":3,\"name\":\"SBA + Estancia BF\"}]},{\"@type\":\"WebSite\",\"@id\":\"https:\/\/commonsensealigners.com\/#website\",\"url\":\"https:\/\/commonsensealigners.com\/\",\"name\":\"Common Sense Aligners\",\"description\":\"\",\"publisher\":{\"@id\":\"https:\/\/commonsensealigners.com\/#organization\"},\"potentialAction\":[{\"@type\":\"SearchAction\",\"target\":{\"@type\":\"EntryPoint\",\"urlTemplate\":\"https:\/\/commonsensealigners.com\/?s={search_term_string}\"},\"query-input\":\"required name=search_term_string\"}],\"inLanguage\":\"en-GB\"},{\"@type\":\"Organization\",\"@id\":\"https:\/\/commonsensealigners.com\/#organization\",\"name\":\"Common Sense Aligners\",\"url\":\"https:\/\/commonsensealigners.com\/\",\"logo\":{\"@type\":\"ImageObject\",\"inLanguage\":\"en-GB\",\"@id\":\"https:\/\/commonsensealigners.com\/#\/schema\/logo\/image\/\",\"url\":\"https:\/\/commonsensealigners.com\/wp-content\/uploads\/2024\/07\/CSA_Simbolo_3D_2.png\",\"contentUrl\":\"https:\/\/commonsensealigners.com\/wp-content\/uploads\/2024\/07\/CSA_Simbolo_3D_2.png\",\"width\":513,\"height\":513,\"caption\":\"Common Sense Aligners\"},\"image\":{\"@id\":\"https:\/\/commonsensealigners.com\/#\/schema\/logo\/image\/\"},\"sameAs\":[\"https:\/\/www.instagram.com\/commonsensealigners\"]}]}<\/script>\n<!-- \/ Yoast SEO plugin. -->","yoast_head_json":{"title":"SBA + Estancia BF - Common Sense Aligners","robots":{"index":"index","follow":"follow","max-snippet":"max-snippet:-1","max-image-preview":"max-image-preview:large","max-video-preview":"max-video-preview:-1"},"canonical":"https:\/\/commonsensealigners.com\/en\/product\/sba-estancia-bf\/","og_locale":"en_GB","og_type":"article","og_title":"SBA + Estancia BF - Common Sense Aligners","og_description":"Aprende a usar los alineadores con la m\u00e1xima confianza cl\u00ednica para hacer tus tratamientos con la misma tranquilidad que con Brackets.  Descubre mano a mano todo lo que hay detr\u00e1s de una cl\u00ednica de ortodoncia exclusiva que inicia +300 tratamientos al a\u00f1o.","og_url":"https:\/\/commonsensealigners.com\/en\/product\/sba-estancia-bf\/","og_site_name":"Common Sense Aligners","article_publisher":"https:\/\/www.instagram.com\/commonsensealigners","article_modified_time":"2025-11-25T18:38:48+00:00","og_image":[{"width":1080,"height":1080,"url":"https:\/\/commonsensealigners.com\/wp-content\/uploads\/2024\/07\/FOTOS-WEB-1.png","type":"image\/png"}],"twitter_card":"summary_large_image","twitter_misc":{"Estimated reading time":"1 minute"},"schema":{"@context":"https:\/\/schema.org","@graph":[{"@type":"WebPage","@id":"https:\/\/commonsensealigners.com\/producto\/sba-estancia-bf\/","url":"https:\/\/commonsensealigners.com\/producto\/sba-estancia-bf\/","name":"SBA + Estancia BF - Common Sense Aligners","isPartOf":{"@id":"https:\/\/commonsensealigners.com\/#website"},"primaryImageOfPage":{"@id":"https:\/\/commonsensealigners.com\/producto\/sba-estancia-bf\/#primaryimage"},"image":{"@id":"https:\/\/commonsensealigners.com\/producto\/sba-estancia-bf\/#primaryimage"},"thumbnailUrl":"https:\/\/commonsensealigners.com\/wp-content\/uploads\/2024\/07\/FOTOS-WEB-1.png","datePublished":"2025-11-25T18:37:53+00:00","dateModified":"2025-11-25T18:38:48+00:00","breadcrumb":{"@id":"https:\/\/commonsensealigners.com\/producto\/sba-estancia-bf\/#breadcrumb"},"inLanguage":"en-GB","potentialAction":[{"@type":"ReadAction","target":["https:\/\/commonsensealigners.com\/producto\/sba-estancia-bf\/"]}]},{"@type":"ImageObject","inLanguage":"en-GB","@id":"https:\/\/commonsensealigners.com\/producto\/sba-estancia-bf\/#primaryimage","url":"https:\/\/commonsensealigners.com\/wp-content\/uploads\/2024\/07\/FOTOS-WEB-1.png","contentUrl":"https:\/\/commonsensealigners.com\/wp-content\/uploads\/2024\/07\/FOTOS-WEB-1.png","width":1080,"height":1080},{"@type":"BreadcrumbList","@id":"https:\/\/commonsensealigners.com\/producto\/sba-estancia-bf\/#breadcrumb","itemListElement":[{"@type":"ListItem","position":1,"name":"Portada","item":"https:\/\/commonsensealigners.com\/"},{"@type":"ListItem","position":2,"name":"Tienda","item":"https:\/\/commonsensealigners.com\/en\/tienda\/"},{"@type":"ListItem","position":3,"name":"SBA + Estancia BF"}]},{"@type":"WebSite","@id":"https:\/\/commonsensealigners.com\/#website","url":"https:\/\/commonsensealigners.com\/","name":"Common Sense Aligners","description":"","publisher":{"@id":"https:\/\/commonsensealigners.com\/#organization"},"potentialAction":[{"@type":"SearchAction","target":{"@type":"EntryPoint","urlTemplate":"https:\/\/commonsensealigners.com\/?s={search_term_string}"},"query-input":"required name=search_term_string"}],"inLanguage":"en-GB"},{"@type":"Organization","@id":"https:\/\/commonsensealigners.com\/#organization","name":"Common Sense Aligners","url":"https:\/\/commonsensealigners.com\/","logo":{"@type":"ImageObject","inLanguage":"en-GB","@id":"https:\/\/commonsensealigners.com\/#\/schema\/logo\/image\/","url":"https:\/\/commonsensealigners.com\/wp-content\/uploads\/2024\/07\/CSA_Simbolo_3D_2.png","contentUrl":"https:\/\/commonsensealigners.com\/wp-content\/uploads\/2024\/07\/CSA_Simbolo_3D_2.png","width":513,"height":513,"caption":"Common Sense Aligners"},"image":{"@id":"https:\/\/commonsensealigners.com\/#\/schema\/logo\/image\/"},"sameAs":["https:\/\/www.instagram.com\/commonsensealigners"]}]}},"_links":{"self":[{"href":"https:\/\/commonsensealigners.com\/en\/wp-json\/wp\/v2\/product\/1984","targetHints":{"allow":["GET"]}}],"collection":[{"href":"https:\/\/commonsensealigners.com\/en\/wp-json\/wp\/v2\/product"}],"about":[{"href":"https:\/\/commonsensealigners.com\/en\/wp-json\/wp\/v2\/types\/product"}],"version-history":[{"count":1,"href":"https:\/\/commonsensealigners.com\/en\/wp-json\/wp\/v2\/product\/1984\/revisions"}],"predecessor-version":[{"id":1985,"href":"https:\/\/commonsensealigners.com\/en\/wp-json\/wp\/v2\/product\/1984\/revisions\/1985"}],"wp:featuredmedia":[{"embeddable":true,"href":"https:\/\/commonsensealigners.com\/en\/wp-json\/wp\/v2\/media\/141"}],"wp:attachment":[{"href":"https:\/\/commonsensealigners.com\/en\/wp-json\/wp\/v2\/media?parent=1984"}],"wp:term":[{"taxonomy":"product_brand","embeddable":true,"href":"https:\/\/commonsensealigners.com\/en\/wp-json\/wp\/v2\/product_brand?post=1984"},{"taxonomy":"product_cat","embeddable":true,"href":"https:\/\/commonsensealigners.com\/en\/wp-json\/wp\/v2\/product_cat?post=1984"},{"taxonomy":"product_tag","embeddable":true,"href":"https:\/\/commonsensealigners.com\/en\/wp-json\/wp\/v2\/product_tag?post=1984"}],"curies":[{"name":"wp","href":"https:\/\/api.w.org\/{rel}","templated":true}]}}