{"id":1576,"date":"2025-06-30T11:13:34","date_gmt":"2025-06-30T09:13:34","guid":{"rendered":"https:\/\/commonsensealigners.com\/?post_type=product&#038;p=1576"},"modified":"2025-10-10T10:17:36","modified_gmt":"2025-10-10T08:17:36","slug":"retencion-en-ortodoncia","status":"publish","type":"product","link":"https:\/\/commonsensealigners.com\/en\/product\/retencion-en-ortodoncia\/","title":{"rendered":"Retenci\u00f3n en Ortodoncia"},"content":{"rendered":"<div data-elementor-type=\"product-post\" data-elementor-id=\"1576\" class=\"elementor elementor-1576\" data-elementor-post-type=\"product\">\n\t\t\t\t<div class=\"elementor-element elementor-element-680aacf e-flex e-con-boxed e-con e-parent\" data-id=\"680aacf\" data-element_type=\"container\" data-e-type=\"container\">\n\t\t\t\t\t<div class=\"e-con-inner\">\n\t\t\t\t<div class=\"elementor-element elementor-element-b52fb99 elementor-widget elementor-widget-text-editor\" data-id=\"b52fb99\" data-element_type=\"widget\" data-e-type=\"widget\" data-widget_type=\"text-editor.default\">\n\t\t\t\t<div class=\"elementor-widget-container\">\n\t\t\t\t\t\t\t\t\t<h2><strong>Content:<\/strong><\/h2><h3 data-start=\"357\" data-end=\"395\"><strong data-start=\"361\" data-end=\"395\">1. Introducci\u00f3n a la retenci\u00f3n<\/strong><\/h3><ul data-start=\"396\" data-end=\"529\"><li data-start=\"396\" data-end=\"450\"><p data-start=\"398\" data-end=\"450\">\u00bfQu\u00e9 es la fase de retenci\u00f3n y por qu\u00e9 es cr\u00edtica?<\/p><\/li><li data-start=\"451\" data-end=\"491\"><p data-start=\"453\" data-end=\"491\">Concepto de estabilidad vs. recidiva<\/p><\/li><li data-start=\"492\" data-end=\"529\"><p data-start=\"494\" data-end=\"529\">Mitos frecuentes sobre la retenci\u00f3n<\/p><\/li><\/ul><hr data-start=\"531\" data-end=\"534\" \/><h3 data-start=\"536\" data-end=\"583\"><strong data-start=\"540\" data-end=\"583\">2. Principios biol\u00f3gicos de la recidiva<\/strong><\/h3><ul data-start=\"584\" data-end=\"696\"><li data-start=\"584\" data-end=\"622\"><p data-start=\"586\" data-end=\"622\">Remodelaci\u00f3n \u00f3sea post-tratamiento<\/p><\/li><li data-start=\"623\" data-end=\"654\"><p data-start=\"625\" data-end=\"654\">Memoria muscular y oclusi\u00f3n<\/p><\/li><li data-start=\"655\" data-end=\"696\"><p data-start=\"657\" data-end=\"696\">Factores que influyen en la estabilidad<\/p><\/li><\/ul><hr data-start=\"698\" data-end=\"701\" \/><h3 data-start=\"703\" data-end=\"759\"><strong data-start=\"707\" data-end=\"759\">3. Tipos de retenedores: ventajas y limitaciones<\/strong><\/h3><ul data-start=\"760\" data-end=\"889\"><li data-start=\"760\" data-end=\"793\"><p data-start=\"762\" data-end=\"793\">Retenedores fijos (linguales)<\/p><\/li><li data-start=\"794\" data-end=\"843\"><p data-start=\"796\" data-end=\"843\">Retenedores removibles (Essix, Hawley, otros)<\/p><\/li><li data-start=\"844\" data-end=\"889\"><p data-start=\"846\" data-end=\"889\">Criterios de elecci\u00f3n seg\u00fan el caso cl\u00ednico<\/p><\/li><\/ul><hr data-start=\"891\" data-end=\"894\" \/><h3 data-start=\"896\" data-end=\"939\"><strong data-start=\"900\" data-end=\"939\">4. Protocolos cl\u00ednicos recomendados<\/strong><\/h3><ul data-start=\"940\" data-end=\"1057\"><li data-start=\"940\" data-end=\"974\"><p data-start=\"942\" data-end=\"974\">Cu\u00e1ndo colocar los retenedores<\/p><\/li><li data-start=\"975\" data-end=\"1006\"><p data-start=\"977\" data-end=\"1006\">Tiempo de uso y seguimiento<\/p><\/li><li data-start=\"1007\" data-end=\"1057\"><p data-start=\"1009\" data-end=\"1057\">Adaptaci\u00f3n del protocolo por tipo de maloclusi\u00f3n<\/p><\/li><\/ul><hr data-start=\"1059\" data-end=\"1062\" \/><h3 data-start=\"1064\" data-end=\"1105\"><strong data-start=\"1068\" data-end=\"1105\">5. Complicaciones y mantenimiento<\/strong><\/h3><ul data-start=\"1106\" data-end=\"1228\"><li data-start=\"1106\" data-end=\"1141\"><p data-start=\"1108\" data-end=\"1141\">Fracturas, p\u00e9rdidas, desajustes<\/p><\/li><li data-start=\"1142\" data-end=\"1180\"><p data-start=\"1144\" data-end=\"1180\">Manejo del paciente no colaborador<\/p><\/li><li data-start=\"1181\" data-end=\"1228\"><p data-start=\"1183\" data-end=\"1228\">Control a largo plazo: \u00bfhasta cu\u00e1ndo revisar?<\/p><\/li><\/ul><hr data-start=\"1230\" data-end=\"1233\" \/><h3 data-start=\"1235\" data-end=\"1271\"><strong data-start=\"1239\" data-end=\"1271\">6. Casos cl\u00ednicos comentados<\/strong><\/h3><ul data-start=\"1272\" data-end=\"1394\"><li data-start=\"1272\" data-end=\"1300\"><p data-start=\"1274\" data-end=\"1300\">Casos reales paso a paso<\/p><\/li><li data-start=\"1301\" data-end=\"1347\"><p data-start=\"1303\" data-end=\"1347\">Antes y despu\u00e9s con enfoque en estabilidad<\/p><\/li><li data-start=\"1348\" data-end=\"1394\"><p data-start=\"1350\" data-end=\"1394\">An\u00e1lisis de decisiones cl\u00ednicas en retenci\u00f3n<\/p><\/li><\/ul><hr data-start=\"1396\" data-end=\"1399\" \/><h3 data-start=\"1401\" data-end=\"1445\"><strong data-start=\"1405\" data-end=\"1445\">7. Retenci\u00f3n en ortodoncia invisible<\/strong><\/h3><ul data-start=\"1446\" data-end=\"1603\"><li data-start=\"1446\" data-end=\"1494\"><p data-start=\"1448\" data-end=\"1494\">Consideraciones espec\u00edficas para alineadores<\/p><\/li><li data-start=\"1495\" data-end=\"1545\"><p data-start=\"1497\" data-end=\"1545\">Dise\u00f1o de retenedores post-tratamiento digital<\/p><\/li><li data-start=\"1546\" data-end=\"1603\"><p data-start=\"1548\" data-end=\"1603\">Papel de los refinamientos y su impacto en la retenci\u00f3n<\/p><\/li><\/ul><hr data-start=\"1605\" data-end=\"1608\" \/><h3 data-start=\"1610\" data-end=\"1676\"><strong data-start=\"1614\" data-end=\"1676\">8. Retenci\u00f3n en pacientes quir\u00fargicos y multidisciplinares<\/strong><\/h3><ul data-start=\"1677\" data-end=\"1801\"><li data-start=\"1677\" data-end=\"1710\"><p data-start=\"1679\" data-end=\"1710\">Casos con cirug\u00eda ortogn\u00e1tica<\/p><\/li><li data-start=\"1711\" data-end=\"1765\"><p data-start=\"1713\" data-end=\"1765\">Pacientes periodontales, prot\u00e9sicos o con bruxismo<\/p><\/li><li data-start=\"1766\" data-end=\"1801\"><p data-start=\"1768\" data-end=\"1801\">Estrategias de retenci\u00f3n compleja<\/p><\/li><\/ul><hr data-start=\"1803\" data-end=\"1806\" \/><h3 data-start=\"1808\" data-end=\"1847\"><strong data-start=\"1812\" data-end=\"1847\">9. Comunicaci\u00f3n con el paciente<\/strong><\/h3><ul data-start=\"1848\" data-end=\"1985\"><li data-start=\"1848\" data-end=\"1905\"><p data-start=\"1850\" data-end=\"1905\">C\u00f3mo explicar la retenci\u00f3n para mejorar la adherencia<\/p><\/li><li data-start=\"1906\" data-end=\"1943\"><p data-start=\"1908\" data-end=\"1943\">Educaci\u00f3n desde la primera visita<\/p><\/li><li data-start=\"1944\" data-end=\"1985\"><p data-start=\"1946\" data-end=\"1985\">Herramientas visuales y consentimientos<\/p><\/li><\/ul>\t\t\t\t\t\t\t\t<\/div>\n\t\t\t\t<\/div>\n\t\t\t\t\t<\/div>\n\t\t\t\t<\/div>\n\t\t<div class=\"elementor-element elementor-element-e8dca69 e-flex e-con-boxed e-con e-parent\" data-id=\"e8dca69\" data-element_type=\"container\" data-e-type=\"container\">\n\t\t\t\t\t<div class=\"e-con-inner\">\n\t\t\t\t\t<\/div>\n\t\t\t\t<\/div>\n\t\t\t\t<\/div>","protected":false},"excerpt":{"rendered":"<p data-start=\"81\" data-end=\"397\">Una gu\u00eda esencial y directa sobre la fase m\u00e1s cr\u00edtica (y a menudo olvidada) del tratamiento ortod\u00f3ncico: <strong data-start=\"229\" data-end=\"245\">la retenci\u00f3n<\/strong>. Los Doctores Javier Lozano y Enrique Lozano comparten su enfoque cl\u00ednico, protocolos probados y recomendaciones pr\u00e1cticas para garantizar <strong data-start=\"349\" data-end=\"396\">estabilidad a largo plazo en los resultados<\/strong>.<\/p>\n<p data-start=\"399\" data-end=\"503\">Ideal para ortodoncistas en formaci\u00f3n o especialistas que buscan perfeccionar su protocolo de retenci\u00f3n.<\/p>","protected":false},"featured_media":1586,"template":"","meta":{"_acf_changed":false,"_kad_post_transparent":"default","_kad_post_title":"","_kad_post_layout":"default","_kad_post_sidebar_id":"","_kad_post_content_style":"default","_kad_post_vertical_padding":"default","_kad_post_feature":"","_kad_post_feature_position":"","_kad_post_header":false,"_kad_post_footer":false},"product_brand":[],"product_cat":[21],"product_tag":[],"class_list":{"0":"post-1576","1":"product","2":"type-product","3":"status-publish","4":"has-post-thumbnail","6":"product_cat-sin-categorizar","8":"first","9":"instock","10":"sold-individually","11":"purchasable","12":"product-type-simple","13":"entry","14":"content-bg","15":"loop-entry"},"acf":[],"yoast_head":"<!-- This site is optimized with the Yoast SEO plugin v23.3 - https:\/\/yoast.com\/wordpress\/plugins\/seo\/ -->\n<title>Retenci\u00f3n en Ortodoncia - Common Sense Aligners<\/title>\n<meta name=\"robots\" content=\"index, follow, max-snippet:-1, max-image-preview:large, max-video-preview:-1\" \/>\n<link rel=\"canonical\" href=\"https:\/\/commonsensealigners.com\/en\/product\/retencion-en-ortodoncia\/\" \/>\n<meta property=\"og:locale\" content=\"en_GB\" \/>\n<meta property=\"og:type\" content=\"article\" \/>\n<meta property=\"og:title\" content=\"Retenci\u00f3n en Ortodoncia - Common Sense Aligners\" \/>\n<meta property=\"og:description\" content=\"Una gu\u00eda esencial y directa sobre la fase m\u00e1s cr\u00edtica (y a menudo olvidada) del tratamiento ortod\u00f3ncico: la retenci\u00f3n. Los Doctores Javier Lozano y Enrique Lozano comparten su enfoque cl\u00ednico, protocolos probados y recomendaciones pr\u00e1cticas para garantizar estabilidad a largo plazo en los resultados. Ideal para ortodoncistas en formaci\u00f3n o especialistas que buscan perfeccionar su protocolo de retenci\u00f3n.\" \/>\n<meta property=\"og:url\" content=\"https:\/\/commonsensealigners.com\/en\/product\/retencion-en-ortodoncia\/\" \/>\n<meta property=\"og:site_name\" content=\"Common Sense Aligners\" \/>\n<meta property=\"article:publisher\" content=\"https:\/\/www.instagram.com\/commonsensealigners\" \/>\n<meta property=\"article:modified_time\" content=\"2025-10-10T08:17:36+00:00\" \/>\n<meta property=\"og:image\" content=\"https:\/\/commonsensealigners.com\/wp-content\/uploads\/Libro-CSA-1-scaled.jpg\" \/>\n\t<meta property=\"og:image:width\" content=\"2560\" \/>\n\t<meta property=\"og:image:height\" content=\"1920\" \/>\n\t<meta property=\"og:image:type\" content=\"image\/jpeg\" \/>\n<meta name=\"twitter:card\" content=\"summary_large_image\" \/>\n<meta name=\"twitter:label1\" content=\"Estimated reading time\" \/>\n\t<meta name=\"twitter:data1\" content=\"2 minutes\" \/>\n<script type=\"application\/ld+json\" class=\"yoast-schema-graph\">{\"@context\":\"https:\/\/schema.org\",\"@graph\":[{\"@type\":\"WebPage\",\"@id\":\"https:\/\/commonsensealigners.com\/producto\/retencion-en-ortodoncia\/\",\"url\":\"https:\/\/commonsensealigners.com\/producto\/retencion-en-ortodoncia\/\",\"name\":\"Retenci\u00f3n en Ortodoncia - Common Sense Aligners\",\"isPartOf\":{\"@id\":\"https:\/\/commonsensealigners.com\/#website\"},\"primaryImageOfPage\":{\"@id\":\"https:\/\/commonsensealigners.com\/producto\/retencion-en-ortodoncia\/#primaryimage\"},\"image\":{\"@id\":\"https:\/\/commonsensealigners.com\/producto\/retencion-en-ortodoncia\/#primaryimage\"},\"thumbnailUrl\":\"https:\/\/commonsensealigners.com\/wp-content\/uploads\/Libro-CSA-1-scaled.jpg\",\"datePublished\":\"2025-06-30T09:13:34+00:00\",\"dateModified\":\"2025-10-10T08:17:36+00:00\",\"breadcrumb\":{\"@id\":\"https:\/\/commonsensealigners.com\/producto\/retencion-en-ortodoncia\/#breadcrumb\"},\"inLanguage\":\"en-GB\",\"potentialAction\":[{\"@type\":\"ReadAction\",\"target\":[\"https:\/\/commonsensealigners.com\/producto\/retencion-en-ortodoncia\/\"]}]},{\"@type\":\"ImageObject\",\"inLanguage\":\"en-GB\",\"@id\":\"https:\/\/commonsensealigners.com\/producto\/retencion-en-ortodoncia\/#primaryimage\",\"url\":\"https:\/\/commonsensealigners.com\/wp-content\/uploads\/Libro-CSA-1-scaled.jpg\",\"contentUrl\":\"https:\/\/commonsensealigners.com\/wp-content\/uploads\/Libro-CSA-1-scaled.jpg\",\"width\":2560,\"height\":1920},{\"@type\":\"BreadcrumbList\",\"@id\":\"https:\/\/commonsensealigners.com\/producto\/retencion-en-ortodoncia\/#breadcrumb\",\"itemListElement\":[{\"@type\":\"ListItem\",\"position\":1,\"name\":\"Portada\",\"item\":\"https:\/\/commonsensealigners.com\/\"},{\"@type\":\"ListItem\",\"position\":2,\"name\":\"Tienda\",\"item\":\"https:\/\/commonsensealigners.com\/en\/tienda\/\"},{\"@type\":\"ListItem\",\"position\":3,\"name\":\"Retenci\u00f3n en Ortodoncia\"}]},{\"@type\":\"WebSite\",\"@id\":\"https:\/\/commonsensealigners.com\/#website\",\"url\":\"https:\/\/commonsensealigners.com\/\",\"name\":\"Common Sense Aligners\",\"description\":\"\",\"publisher\":{\"@id\":\"https:\/\/commonsensealigners.com\/#organization\"},\"potentialAction\":[{\"@type\":\"SearchAction\",\"target\":{\"@type\":\"EntryPoint\",\"urlTemplate\":\"https:\/\/commonsensealigners.com\/?s={search_term_string}\"},\"query-input\":\"required name=search_term_string\"}],\"inLanguage\":\"en-GB\"},{\"@type\":\"Organization\",\"@id\":\"https:\/\/commonsensealigners.com\/#organization\",\"name\":\"Common Sense Aligners\",\"url\":\"https:\/\/commonsensealigners.com\/\",\"logo\":{\"@type\":\"ImageObject\",\"inLanguage\":\"en-GB\",\"@id\":\"https:\/\/commonsensealigners.com\/#\/schema\/logo\/image\/\",\"url\":\"https:\/\/commonsensealigners.com\/wp-content\/uploads\/2024\/07\/CSA_Simbolo_3D_2.png\",\"contentUrl\":\"https:\/\/commonsensealigners.com\/wp-content\/uploads\/2024\/07\/CSA_Simbolo_3D_2.png\",\"width\":513,\"height\":513,\"caption\":\"Common Sense Aligners\"},\"image\":{\"@id\":\"https:\/\/commonsensealigners.com\/#\/schema\/logo\/image\/\"},\"sameAs\":[\"https:\/\/www.instagram.com\/commonsensealigners\"]}]}<\/script>\n<!-- \/ Yoast SEO plugin. -->","yoast_head_json":{"title":"Retenci\u00f3n en Ortodoncia - Common Sense Aligners","robots":{"index":"index","follow":"follow","max-snippet":"max-snippet:-1","max-image-preview":"max-image-preview:large","max-video-preview":"max-video-preview:-1"},"canonical":"https:\/\/commonsensealigners.com\/en\/product\/retencion-en-ortodoncia\/","og_locale":"en_GB","og_type":"article","og_title":"Retenci\u00f3n en Ortodoncia - Common Sense Aligners","og_description":"Una gu\u00eda esencial y directa sobre la fase m\u00e1s cr\u00edtica (y a menudo olvidada) del tratamiento ortod\u00f3ncico: la retenci\u00f3n. Los Doctores Javier Lozano y Enrique Lozano comparten su enfoque cl\u00ednico, protocolos probados y recomendaciones pr\u00e1cticas para garantizar estabilidad a largo plazo en los resultados. Ideal para ortodoncistas en formaci\u00f3n o especialistas que buscan perfeccionar su protocolo de retenci\u00f3n.","og_url":"https:\/\/commonsensealigners.com\/en\/product\/retencion-en-ortodoncia\/","og_site_name":"Common Sense Aligners","article_publisher":"https:\/\/www.instagram.com\/commonsensealigners","article_modified_time":"2025-10-10T08:17:36+00:00","og_image":[{"width":2560,"height":1920,"url":"https:\/\/commonsensealigners.com\/wp-content\/uploads\/Libro-CSA-1-scaled.jpg","type":"image\/jpeg"}],"twitter_card":"summary_large_image","twitter_misc":{"Estimated reading time":"2 minutes"},"schema":{"@context":"https:\/\/schema.org","@graph":[{"@type":"WebPage","@id":"https:\/\/commonsensealigners.com\/producto\/retencion-en-ortodoncia\/","url":"https:\/\/commonsensealigners.com\/producto\/retencion-en-ortodoncia\/","name":"Retenci\u00f3n en Ortodoncia - Common Sense Aligners","isPartOf":{"@id":"https:\/\/commonsensealigners.com\/#website"},"primaryImageOfPage":{"@id":"https:\/\/commonsensealigners.com\/producto\/retencion-en-ortodoncia\/#primaryimage"},"image":{"@id":"https:\/\/commonsensealigners.com\/producto\/retencion-en-ortodoncia\/#primaryimage"},"thumbnailUrl":"https:\/\/commonsensealigners.com\/wp-content\/uploads\/Libro-CSA-1-scaled.jpg","datePublished":"2025-06-30T09:13:34+00:00","dateModified":"2025-10-10T08:17:36+00:00","breadcrumb":{"@id":"https:\/\/commonsensealigners.com\/producto\/retencion-en-ortodoncia\/#breadcrumb"},"inLanguage":"en-GB","potentialAction":[{"@type":"ReadAction","target":["https:\/\/commonsensealigners.com\/producto\/retencion-en-ortodoncia\/"]}]},{"@type":"ImageObject","inLanguage":"en-GB","@id":"https:\/\/commonsensealigners.com\/producto\/retencion-en-ortodoncia\/#primaryimage","url":"https:\/\/commonsensealigners.com\/wp-content\/uploads\/Libro-CSA-1-scaled.jpg","contentUrl":"https:\/\/commonsensealigners.com\/wp-content\/uploads\/Libro-CSA-1-scaled.jpg","width":2560,"height":1920},{"@type":"BreadcrumbList","@id":"https:\/\/commonsensealigners.com\/producto\/retencion-en-ortodoncia\/#breadcrumb","itemListElement":[{"@type":"ListItem","position":1,"name":"Portada","item":"https:\/\/commonsensealigners.com\/"},{"@type":"ListItem","position":2,"name":"Tienda","item":"https:\/\/commonsensealigners.com\/en\/tienda\/"},{"@type":"ListItem","position":3,"name":"Retenci\u00f3n en Ortodoncia"}]},{"@type":"WebSite","@id":"https:\/\/commonsensealigners.com\/#website","url":"https:\/\/commonsensealigners.com\/","name":"Common Sense Aligners","description":"","publisher":{"@id":"https:\/\/commonsensealigners.com\/#organization"},"potentialAction":[{"@type":"SearchAction","target":{"@type":"EntryPoint","urlTemplate":"https:\/\/commonsensealigners.com\/?s={search_term_string}"},"query-input":"required name=search_term_string"}],"inLanguage":"en-GB"},{"@type":"Organization","@id":"https:\/\/commonsensealigners.com\/#organization","name":"Common Sense Aligners","url":"https:\/\/commonsensealigners.com\/","logo":{"@type":"ImageObject","inLanguage":"en-GB","@id":"https:\/\/commonsensealigners.com\/#\/schema\/logo\/image\/","url":"https:\/\/commonsensealigners.com\/wp-content\/uploads\/2024\/07\/CSA_Simbolo_3D_2.png","contentUrl":"https:\/\/commonsensealigners.com\/wp-content\/uploads\/2024\/07\/CSA_Simbolo_3D_2.png","width":513,"height":513,"caption":"Common Sense Aligners"},"image":{"@id":"https:\/\/commonsensealigners.com\/#\/schema\/logo\/image\/"},"sameAs":["https:\/\/www.instagram.com\/commonsensealigners"]}]}},"_links":{"self":[{"href":"https:\/\/commonsensealigners.com\/en\/wp-json\/wp\/v2\/product\/1576","targetHints":{"allow":["GET"]}}],"collection":[{"href":"https:\/\/commonsensealigners.com\/en\/wp-json\/wp\/v2\/product"}],"about":[{"href":"https:\/\/commonsensealigners.com\/en\/wp-json\/wp\/v2\/types\/product"}],"version-history":[{"count":25,"href":"https:\/\/commonsensealigners.com\/en\/wp-json\/wp\/v2\/product\/1576\/revisions"}],"predecessor-version":[{"id":1947,"href":"https:\/\/commonsensealigners.com\/en\/wp-json\/wp\/v2\/product\/1576\/revisions\/1947"}],"wp:featuredmedia":[{"embeddable":true,"href":"https:\/\/commonsensealigners.com\/en\/wp-json\/wp\/v2\/media\/1586"}],"wp:attachment":[{"href":"https:\/\/commonsensealigners.com\/en\/wp-json\/wp\/v2\/media?parent=1576"}],"wp:term":[{"taxonomy":"product_brand","embeddable":true,"href":"https:\/\/commonsensealigners.com\/en\/wp-json\/wp\/v2\/product_brand?post=1576"},{"taxonomy":"product_cat","embeddable":true,"href":"https:\/\/commonsensealigners.com\/en\/wp-json\/wp\/v2\/product_cat?post=1576"},{"taxonomy":"product_tag","embeddable":true,"href":"https:\/\/commonsensealigners.com\/en\/wp-json\/wp\/v2\/product_tag?post=1576"}],"curies":[{"name":"wp","href":"https:\/\/api.w.org\/{rel}","templated":true}]}}