{"id":1144,"date":"2025-05-19T16:35:38","date_gmt":"2025-05-19T14:35:38","guid":{"rendered":"https:\/\/commonsensealigners.com\/?post_type=product&#038;p=1144"},"modified":"2026-05-05T12:43:50","modified_gmt":"2026-05-05T10:43:50","slug":"estancia-clinica-premium","status":"publish","type":"product","link":"https:\/\/commonsensealigners.com\/en\/product\/estancia-clinica-premium\/","title":{"rendered":"Estancia Cl\u00ednica"},"content":{"rendered":"\t\t<div data-elementor-type=\"product-post\" data-elementor-id=\"1144\" class=\"elementor elementor-1144\" data-elementor-post-type=\"product\">\n\t\t\t\t<div class=\"elementor-element elementor-element-1e7f855e e-flex e-con-boxed e-con e-parent\" data-id=\"1e7f855e\" data-element_type=\"container\" data-e-type=\"container\">\n\t\t\t\t\t<div class=\"e-con-inner\">\n\t\t\t\t<div class=\"elementor-element elementor-element-810f9ad elementor-widget elementor-widget-text-editor\" data-id=\"810f9ad\" data-element_type=\"widget\" data-e-type=\"widget\" data-widget_type=\"text-editor.default\">\n\t\t\t\t<div class=\"elementor-widget-container\">\n\t\t\t\t\t\t\t\t\t<h3><span class=\"OYPEnA font-feature-liga-off font-feature-clig-off font-feature-calt-off text-decoration-none text-strikethrough-none\">Descubre la estrategia del doctor Javier Lozano para abrir tu nueva cl\u00ednica e iniciar m\u00e1s de 200 tratamientos al a\u00f1o de manera organizada, \u00e9tica y rentable.<\/span><\/h3>\t\t\t\t\t\t\t\t<\/div>\n\t\t\t\t<\/div>\n\t\t<div class=\"elementor-element elementor-element-740c6bd e-grid e-con-full e-con e-child\" data-id=\"740c6bd\" data-element_type=\"container\" data-e-type=\"container\">\n\t\t\t\t<div class=\"elementor-element elementor-element-ba10614 elementor-widget elementor-widget-text-editor\" data-id=\"ba10614\" data-element_type=\"widget\" data-e-type=\"widget\" data-widget_type=\"text-editor.default\">\n\t\t\t\t<div class=\"elementor-widget-container\">\n\t\t\t\t\t\t\t\t\t<p class=\"cvGsUA direction-ltr align-justify para-style-body\"><strong><span class=\"OYPEnA font-feature-liga-off font-feature-clig-off font-feature-calt-off text-decoration-none text-strikethrough-none\">Un d\u00eda CLAVE para:<\/span><\/strong><\/p><p class=\"cvGsUA direction-ltr align-justify para-style-body\">Vas a ver primeras visitas, controles, refinamientos, cirug\u00edas de MARPE, colocaci\u00f3n de minitornillos y tallados oclusales. <strong>Todo<\/strong> en una sola jornada, con pacientes reales.<\/p><p class=\"cvGsUA direction-ltr align-justify para-style-body\">Cada <strong>decisi\u00f3n cl\u00ednica<\/strong> que veas est\u00e1 validada por cientos de casos previos. No es la opini\u00f3n de un ponente sobre lo que funciona: es el protocolo que ha permitido a esta cl\u00ednica sostener el volumen sin que los tratamientos se eternicen<\/p><p class=\"cvGsUA direction-ltr align-justify para-style-body\">Trabajamos con condiciones de laboratorio y precios que solo se consiguen con volumen. Vas a entender c\u00f3mo se construye una cl\u00ednica de alineadores <span style=\"text-decoration: underline;\"><strong>rentable<\/strong><\/span>, no solo c\u00f3mo se trata a un paciente.<\/p><p class=\"cvGsUA direction-ltr align-justify para-style-body\"><span class=\"OYPEnA font-feature-liga-off font-feature-clig-off font-feature-calt-off text-decoration-none text-strikethrough-none\">*Al terminar recibir\u00e1s por escrito todos nuestros protocolos de trabajo para implementarlos en tu rutina diaria en menos de 30 d\u00edas.<\/span><\/p><p class=\"cvGsUA direction-ltr align-justify para-style-body\"><span class=\"OYPEnA font-feature-liga-off font-feature-clig-off font-feature-calt-off text-decoration-none text-strikethrough-none\">\u00a0<\/span><\/p><p class=\"cvGsUA direction-ltr align-justify para-style-body\"><strong><span class=\"OYPEnA font-feature-liga-off font-feature-clig-off font-feature-calt-off text-decoration-none text-strikethrough-none\">Ll\u00e9vate el programa rellenando este formulario.<\/span><\/strong><\/p>\t\t\t\t\t\t\t\t<\/div>\n\t\t\t\t<\/div>\n\t\t\t\t<div class=\"elementor-element elementor-element-6de9565 elementor-widget elementor-widget-image\" data-id=\"6de9565\" data-element_type=\"widget\" data-e-type=\"widget\" data-widget_type=\"image.default\">\n\t\t\t\t<div class=\"elementor-widget-container\">\n\t\t\t\t\t\t\t\t\t\t\t\t\t\t\t<img fetchpriority=\"high\" decoding=\"async\" width=\"1024\" height=\"1024\" src=\"https:\/\/commonsensealigners.com\/wp-content\/uploads\/Diseno-sin-titulo-2025-05-20T133314.225-1024x1024.png\" class=\"attachment-large size-large wp-image-1151\" alt=\"\" srcset=\"https:\/\/commonsensealigners.com\/wp-content\/uploads\/Diseno-sin-titulo-2025-05-20T133314.225-1024x1024.png 1024w, https:\/\/commonsensealigners.com\/wp-content\/uploads\/Diseno-sin-titulo-2025-05-20T133314.225-300x300.png 300w, https:\/\/commonsensealigners.com\/wp-content\/uploads\/Diseno-sin-titulo-2025-05-20T133314.225-150x150.png 150w, https:\/\/commonsensealigners.com\/wp-content\/uploads\/Diseno-sin-titulo-2025-05-20T133314.225-768x768.png 768w, https:\/\/commonsensealigners.com\/wp-content\/uploads\/Diseno-sin-titulo-2025-05-20T133314.225-12x12.png 12w, https:\/\/commonsensealigners.com\/wp-content\/uploads\/Diseno-sin-titulo-2025-05-20T133314.225-600x600.png 600w, https:\/\/commonsensealigners.com\/wp-content\/uploads\/Diseno-sin-titulo-2025-05-20T133314.225-100x100.png 100w, https:\/\/commonsensealigners.com\/wp-content\/uploads\/Diseno-sin-titulo-2025-05-20T133314.225.png 1080w\" sizes=\"(max-width: 1024px) 100vw, 1024px\" \/>\t\t\t\t\t\t\t\t\t\t\t\t\t\t\t<\/div>\n\t\t\t\t<\/div>\n\t\t\t\t<\/div>\n\t\t\t\t\t<\/div>\n\t\t\t\t<\/div>\n\t\t<div class=\"elementor-element elementor-element-f3db7c7 e-flex e-con-boxed e-con e-parent\" data-id=\"f3db7c7\" data-element_type=\"container\" data-e-type=\"container\">\n\t\t\t\t\t<div class=\"e-con-inner\">\n\t\t\t\t<div class=\"elementor-element elementor-element-e81d49e elementor-button-align-stretch elementor-widget elementor-widget-form\" data-id=\"e81d49e\" data-element_type=\"widget\" data-e-type=\"widget\" data-settings=\"{&quot;step_next_label&quot;:&quot;Siguiente&quot;,&quot;step_previous_label&quot;:&quot;Anterior&quot;,&quot;button_width&quot;:&quot;100&quot;,&quot;step_type&quot;:&quot;number_text&quot;,&quot;step_icon_shape&quot;:&quot;circle&quot;}\" data-widget_type=\"form.default\">\n\t\t\t\t<div class=\"elementor-widget-container\">\n\t\t\t\t\t\t\t<form class=\"elementor-form\" method=\"post\" name=\"Nuevo formulario\" aria-label=\"Nuevo formulario\">\n\t\t\t<input type=\"hidden\" name=\"post_id\" value=\"1144\"\/>\n\t\t\t<input type=\"hidden\" name=\"form_id\" value=\"e81d49e\"\/>\n\t\t\t<input type=\"hidden\" name=\"referer_title\" value=\"Estancia Cl\u00ednica - Common Sense Aligners\" \/>\n\n\t\t\t\t\t\t\t<input type=\"hidden\" name=\"queried_id\" value=\"1144\"\/>\n\t\t\t\n\t\t\t<div class=\"elementor-form-fields-wrapper elementor-labels-above\">\n\t\t\t\t\t\t\t\t<div class=\"elementor-field-type-text elementor-field-group elementor-column elementor-field-group-name elementor-col-100\">\n\t\t\t\t\t\t\t\t\t\t\t\t<label for=\"form-field-name\" class=\"elementor-field-label\">\n\t\t\t\t\t\t\t\tNombre\t\t\t\t\t\t\t<\/label>\n\t\t\t\t\t\t\t\t\t\t\t\t\t\t<input size=\"1\" type=\"text\" name=\"form_fields[name]\" id=\"form-field-name\" class=\"elementor-field elementor-size-sm  elementor-field-textual\" placeholder=\"Nombre\">\n\t\t\t\t\t\t\t\t\t\t\t<\/div>\n\t\t\t\t\t\t\t\t<div class=\"elementor-field-type-email elementor-field-group elementor-column elementor-field-group-email elementor-col-100 elementor-field-required\">\n\t\t\t\t\t\t\t\t\t\t\t\t<label for=\"form-field-email\" class=\"elementor-field-label\">\n\t\t\t\t\t\t\t\tCorreo electr\u00f3nico\t\t\t\t\t\t\t<\/label>\n\t\t\t\t\t\t\t\t\t\t\t\t\t\t<input size=\"1\" type=\"email\" name=\"form_fields[email]\" id=\"form-field-email\" class=\"elementor-field elementor-size-sm  elementor-field-textual\" placeholder=\"Correo electr\u00f3nico\" required=\"required\">\n\t\t\t\t\t\t\t\t\t\t\t<\/div>\n\t\t\t\t\t\t\t\t<div class=\"elementor-field-type-tel elementor-field-group elementor-column elementor-field-group-message elementor-col-100 elementor-field-required\">\n\t\t\t\t\t\t\t\t\t\t\t\t<label for=\"form-field-message\" class=\"elementor-field-label\">\n\t\t\t\t\t\t\t\tTel\u00e9fono\t\t\t\t\t\t\t<\/label>\n\t\t\t\t\t\t\t\t<input size=\"1\" type=\"tel\" name=\"form_fields[message]\" id=\"form-field-message\" class=\"elementor-field elementor-size-sm  elementor-field-textual\" placeholder=\"Tel\u00e9fono\" required=\"required\" pattern=\"[0-9()#&amp;+*-=.]+\" title=\"Only numbers and phone characters (#, -, *, etc) are accepted.\">\n\n\t\t\t\t\t\t<\/div>\n\t\t\t\t\t\t\t\t<div class=\"elementor-field-group elementor-column elementor-field-type-submit elementor-col-100 e-form__buttons\">\n\t\t\t\t\t<button class=\"elementor-button elementor-size-sm\" type=\"submit\">\n\t\t\t\t\t\t<span class=\"elementor-button-content-wrapper\">\n\t\t\t\t\t\t\t\t\t\t\t\t\t\t\t\t\t\t\t\t\t\t<span class=\"elementor-button-text\">Enviar<\/span>\n\t\t\t\t\t\t\t\t\t\t\t\t\t<\/span>\n\t\t\t\t\t<\/button>\n\t\t\t\t<\/div>\n\t\t\t<\/div>\n\t\t<\/form>\n\t\t\t\t\t\t<\/div>\n\t\t\t\t<\/div>\n\t\t\t\t\t<\/div>\n\t\t\t\t<\/div>\n\t\t<div class=\"elementor-element elementor-element-b17073e e-flex e-con-boxed e-con e-parent\" data-id=\"b17073e\" data-element_type=\"container\" data-e-type=\"container\">\n\t\t\t\t\t<div class=\"e-con-inner\">\n\t\t\t\t<div class=\"elementor-element elementor-element-eda0738 elementor-widget elementor-widget-text-editor\" data-id=\"eda0738\" data-element_type=\"widget\" data-e-type=\"widget\" data-widget_type=\"text-editor.default\">\n\t\t\t\t<div class=\"elementor-widget-container\">\n\t\t\t\t\t\t\t\t\t<h2>\u00bfQu\u00e9 aprender\u00e1s?<\/h2><p>1. <b>C\u00f3mo reducir refinamientos innecesarios<\/b>: Comprender\u00e1s el origen de los desajustes en tratamientos con alineadores y adquirir\u00e1s criterio cl\u00ednico para decidir cu\u00e1ndo hacer refinamientos, cu\u00e1ndo utilizar auxiliares y cu\u00e1ndo modificar los tiempos de uso.<\/p><p>2. <b>C\u00f3mo disminuir desajustes e incidencias durante el tratamiento<\/b>: No es solo biomec\u00e1nica y planificaci\u00f3n: un protocolo de trabajo definido y la ejecuci\u00f3n correcta del IPR y los tallados selectivos te ayudan a conseguir que lo que planificas en la pantalla se exprese en la boca.<\/p><p>3. <b>Control total de t\u00e9cnicas auxiliares<\/b>: Colocaremos un MARPE contigo. Pondremos minitornillos. Integraremos seccionales. Y te explicaremos por qu\u00e9, cu\u00e1ndo y c\u00f3mo. Dejar\u00e1s de hacer refinamiento tras refinamiento con mec\u00e1nicas imposibles para un alineador.<\/p><p>4. <b>No te olvidar\u00e1s de nada de lo que veas aqu\u00ed<\/b>: A tu llegada a la cl\u00ednica te entregaremos un manual completo de m\u00e1s de 300 p\u00e1ginas con todos nuestros protocolos cl\u00ednicos y de trabajo: apl\u00edcalo en tu rutina con todo tu equipo nada m\u00e1s volver a casa.<\/p>\t\t\t\t\t\t\t\t<\/div>\n\t\t\t\t<\/div>\n\t\t\t\t\t<\/div>\n\t\t\t\t<\/div>\n\t\t\t\t<\/div>\n\t\t","protected":false},"excerpt":{"rendered":"<p>Esto no es un curso m\u00e1s. Es el d\u00eda en que vas a ver, con tus propios ojos, lo que ning\u00fan ponente te ha ense\u00f1ado en una sala.<\/p>\n<p>M\u00e1s de 300 casos de alineadores al a\u00f1o en la cl\u00ednica con mayor volumen de ortodoncia invisible de Murcia.<\/p>","protected":false},"featured_media":141,"template":"","meta":{"_acf_changed":false,"_kad_post_transparent":"default","_kad_post_title":"","_kad_post_layout":"default","_kad_post_sidebar_id":"","_kad_post_content_style":"default","_kad_post_vertical_padding":"default","_kad_post_feature":"","_kad_post_feature_position":"","_kad_post_header":false,"_kad_post_footer":false},"product_brand":[],"product_cat":[21],"product_tag":[],"class_list":{"0":"post-1144","1":"product","2":"type-product","3":"status-publish","4":"has-post-thumbnail","6":"product_cat-sin-categorizar","8":"first","9":"instock","10":"virtual","11":"sold-individually","12":"taxable","13":"purchasable","14":"product-type-simple","15":"entry","16":"content-bg","17":"loop-entry"},"acf":[],"yoast_head":"<!-- This site is optimized with the Yoast SEO plugin v23.3 - https:\/\/yoast.com\/wordpress\/plugins\/seo\/ -->\n<title>Estancia Cl\u00ednica - Common Sense Aligners<\/title>\n<meta name=\"robots\" content=\"index, follow, max-snippet:-1, max-image-preview:large, max-video-preview:-1\" \/>\n<link rel=\"canonical\" href=\"https:\/\/commonsensealigners.com\/en\/product\/estancia-clinica-premium\/\" \/>\n<meta property=\"og:locale\" content=\"en_GB\" \/>\n<meta property=\"og:type\" content=\"article\" \/>\n<meta property=\"og:title\" content=\"Estancia Cl\u00ednica - Common Sense Aligners\" \/>\n<meta property=\"og:description\" content=\"Esto no es un curso m\u00e1s. Es el d\u00eda en que vas a ver, con tus propios ojos, lo que ning\u00fan ponente te ha ense\u00f1ado en una sala.  M\u00e1s de 300 casos de alineadores al a\u00f1o en la cl\u00ednica con mayor volumen de ortodoncia invisible de Murcia.\" \/>\n<meta property=\"og:url\" content=\"https:\/\/commonsensealigners.com\/en\/product\/estancia-clinica-premium\/\" \/>\n<meta property=\"og:site_name\" content=\"Common Sense Aligners\" \/>\n<meta property=\"article:publisher\" content=\"https:\/\/www.instagram.com\/commonsensealigners\" \/>\n<meta property=\"article:modified_time\" content=\"2026-05-05T10:43:50+00:00\" \/>\n<meta property=\"og:image\" content=\"https:\/\/commonsensealigners.com\/wp-content\/uploads\/2024\/07\/FOTOS-WEB-1.png\" \/>\n\t<meta property=\"og:image:width\" content=\"1080\" \/>\n\t<meta property=\"og:image:height\" content=\"1080\" \/>\n\t<meta property=\"og:image:type\" content=\"image\/png\" \/>\n<meta name=\"twitter:card\" content=\"summary_large_image\" \/>\n<meta name=\"twitter:label1\" content=\"Estimated reading time\" \/>\n\t<meta name=\"twitter:data1\" content=\"2 minutes\" \/>\n<script type=\"application\/ld+json\" class=\"yoast-schema-graph\">{\"@context\":\"https:\/\/schema.org\",\"@graph\":[{\"@type\":\"WebPage\",\"@id\":\"https:\/\/commonsensealigners.com\/producto\/estancia-clinica-premium\/\",\"url\":\"https:\/\/commonsensealigners.com\/producto\/estancia-clinica-premium\/\",\"name\":\"Estancia Cl\u00ednica - Common Sense Aligners\",\"isPartOf\":{\"@id\":\"https:\/\/commonsensealigners.com\/#website\"},\"primaryImageOfPage\":{\"@id\":\"https:\/\/commonsensealigners.com\/producto\/estancia-clinica-premium\/#primaryimage\"},\"image\":{\"@id\":\"https:\/\/commonsensealigners.com\/producto\/estancia-clinica-premium\/#primaryimage\"},\"thumbnailUrl\":\"https:\/\/commonsensealigners.com\/wp-content\/uploads\/2024\/07\/FOTOS-WEB-1.png\",\"datePublished\":\"2025-05-19T14:35:38+00:00\",\"dateModified\":\"2026-05-05T10:43:50+00:00\",\"breadcrumb\":{\"@id\":\"https:\/\/commonsensealigners.com\/producto\/estancia-clinica-premium\/#breadcrumb\"},\"inLanguage\":\"en-GB\",\"potentialAction\":[{\"@type\":\"ReadAction\",\"target\":[\"https:\/\/commonsensealigners.com\/producto\/estancia-clinica-premium\/\"]}]},{\"@type\":\"ImageObject\",\"inLanguage\":\"en-GB\",\"@id\":\"https:\/\/commonsensealigners.com\/producto\/estancia-clinica-premium\/#primaryimage\",\"url\":\"https:\/\/commonsensealigners.com\/wp-content\/uploads\/2024\/07\/FOTOS-WEB-1.png\",\"contentUrl\":\"https:\/\/commonsensealigners.com\/wp-content\/uploads\/2024\/07\/FOTOS-WEB-1.png\",\"width\":1080,\"height\":1080},{\"@type\":\"BreadcrumbList\",\"@id\":\"https:\/\/commonsensealigners.com\/producto\/estancia-clinica-premium\/#breadcrumb\",\"itemListElement\":[{\"@type\":\"ListItem\",\"position\":1,\"name\":\"Portada\",\"item\":\"https:\/\/commonsensealigners.com\/\"},{\"@type\":\"ListItem\",\"position\":2,\"name\":\"Tienda\",\"item\":\"https:\/\/commonsensealigners.com\/en\/tienda\/\"},{\"@type\":\"ListItem\",\"position\":3,\"name\":\"Estancia Cl\u00ednica\"}]},{\"@type\":\"WebSite\",\"@id\":\"https:\/\/commonsensealigners.com\/#website\",\"url\":\"https:\/\/commonsensealigners.com\/\",\"name\":\"Common Sense Aligners\",\"description\":\"\",\"publisher\":{\"@id\":\"https:\/\/commonsensealigners.com\/#organization\"},\"potentialAction\":[{\"@type\":\"SearchAction\",\"target\":{\"@type\":\"EntryPoint\",\"urlTemplate\":\"https:\/\/commonsensealigners.com\/?s={search_term_string}\"},\"query-input\":\"required name=search_term_string\"}],\"inLanguage\":\"en-GB\"},{\"@type\":\"Organization\",\"@id\":\"https:\/\/commonsensealigners.com\/#organization\",\"name\":\"Common Sense Aligners\",\"url\":\"https:\/\/commonsensealigners.com\/\",\"logo\":{\"@type\":\"ImageObject\",\"inLanguage\":\"en-GB\",\"@id\":\"https:\/\/commonsensealigners.com\/#\/schema\/logo\/image\/\",\"url\":\"https:\/\/commonsensealigners.com\/wp-content\/uploads\/2024\/07\/CSA_Simbolo_3D_2.png\",\"contentUrl\":\"https:\/\/commonsensealigners.com\/wp-content\/uploads\/2024\/07\/CSA_Simbolo_3D_2.png\",\"width\":513,\"height\":513,\"caption\":\"Common Sense Aligners\"},\"image\":{\"@id\":\"https:\/\/commonsensealigners.com\/#\/schema\/logo\/image\/\"},\"sameAs\":[\"https:\/\/www.instagram.com\/commonsensealigners\"]}]}<\/script>\n<!-- \/ Yoast SEO plugin. -->","yoast_head_json":{"title":"Estancia Cl\u00ednica - Common Sense Aligners","robots":{"index":"index","follow":"follow","max-snippet":"max-snippet:-1","max-image-preview":"max-image-preview:large","max-video-preview":"max-video-preview:-1"},"canonical":"https:\/\/commonsensealigners.com\/en\/product\/estancia-clinica-premium\/","og_locale":"en_GB","og_type":"article","og_title":"Estancia Cl\u00ednica - Common Sense Aligners","og_description":"Esto no es un curso m\u00e1s. Es el d\u00eda en que vas a ver, con tus propios ojos, lo que ning\u00fan ponente te ha ense\u00f1ado en una sala.  M\u00e1s de 300 casos de alineadores al a\u00f1o en la cl\u00ednica con mayor volumen de ortodoncia invisible de Murcia.","og_url":"https:\/\/commonsensealigners.com\/en\/product\/estancia-clinica-premium\/","og_site_name":"Common Sense Aligners","article_publisher":"https:\/\/www.instagram.com\/commonsensealigners","article_modified_time":"2026-05-05T10:43:50+00:00","og_image":[{"width":1080,"height":1080,"url":"https:\/\/commonsensealigners.com\/wp-content\/uploads\/2024\/07\/FOTOS-WEB-1.png","type":"image\/png"}],"twitter_card":"summary_large_image","twitter_misc":{"Estimated reading time":"2 minutes"},"schema":{"@context":"https:\/\/schema.org","@graph":[{"@type":"WebPage","@id":"https:\/\/commonsensealigners.com\/producto\/estancia-clinica-premium\/","url":"https:\/\/commonsensealigners.com\/producto\/estancia-clinica-premium\/","name":"Estancia Cl\u00ednica - Common Sense Aligners","isPartOf":{"@id":"https:\/\/commonsensealigners.com\/#website"},"primaryImageOfPage":{"@id":"https:\/\/commonsensealigners.com\/producto\/estancia-clinica-premium\/#primaryimage"},"image":{"@id":"https:\/\/commonsensealigners.com\/producto\/estancia-clinica-premium\/#primaryimage"},"thumbnailUrl":"https:\/\/commonsensealigners.com\/wp-content\/uploads\/2024\/07\/FOTOS-WEB-1.png","datePublished":"2025-05-19T14:35:38+00:00","dateModified":"2026-05-05T10:43:50+00:00","breadcrumb":{"@id":"https:\/\/commonsensealigners.com\/producto\/estancia-clinica-premium\/#breadcrumb"},"inLanguage":"en-GB","potentialAction":[{"@type":"ReadAction","target":["https:\/\/commonsensealigners.com\/producto\/estancia-clinica-premium\/"]}]},{"@type":"ImageObject","inLanguage":"en-GB","@id":"https:\/\/commonsensealigners.com\/producto\/estancia-clinica-premium\/#primaryimage","url":"https:\/\/commonsensealigners.com\/wp-content\/uploads\/2024\/07\/FOTOS-WEB-1.png","contentUrl":"https:\/\/commonsensealigners.com\/wp-content\/uploads\/2024\/07\/FOTOS-WEB-1.png","width":1080,"height":1080},{"@type":"BreadcrumbList","@id":"https:\/\/commonsensealigners.com\/producto\/estancia-clinica-premium\/#breadcrumb","itemListElement":[{"@type":"ListItem","position":1,"name":"Portada","item":"https:\/\/commonsensealigners.com\/"},{"@type":"ListItem","position":2,"name":"Tienda","item":"https:\/\/commonsensealigners.com\/en\/tienda\/"},{"@type":"ListItem","position":3,"name":"Estancia Cl\u00ednica"}]},{"@type":"WebSite","@id":"https:\/\/commonsensealigners.com\/#website","url":"https:\/\/commonsensealigners.com\/","name":"Common Sense Aligners","description":"","publisher":{"@id":"https:\/\/commonsensealigners.com\/#organization"},"potentialAction":[{"@type":"SearchAction","target":{"@type":"EntryPoint","urlTemplate":"https:\/\/commonsensealigners.com\/?s={search_term_string}"},"query-input":"required name=search_term_string"}],"inLanguage":"en-GB"},{"@type":"Organization","@id":"https:\/\/commonsensealigners.com\/#organization","name":"Common Sense Aligners","url":"https:\/\/commonsensealigners.com\/","logo":{"@type":"ImageObject","inLanguage":"en-GB","@id":"https:\/\/commonsensealigners.com\/#\/schema\/logo\/image\/","url":"https:\/\/commonsensealigners.com\/wp-content\/uploads\/2024\/07\/CSA_Simbolo_3D_2.png","contentUrl":"https:\/\/commonsensealigners.com\/wp-content\/uploads\/2024\/07\/CSA_Simbolo_3D_2.png","width":513,"height":513,"caption":"Common Sense Aligners"},"image":{"@id":"https:\/\/commonsensealigners.com\/#\/schema\/logo\/image\/"},"sameAs":["https:\/\/www.instagram.com\/commonsensealigners"]}]}},"_links":{"self":[{"href":"https:\/\/commonsensealigners.com\/en\/wp-json\/wp\/v2\/product\/1144","targetHints":{"allow":["GET"]}}],"collection":[{"href":"https:\/\/commonsensealigners.com\/en\/wp-json\/wp\/v2\/product"}],"about":[{"href":"https:\/\/commonsensealigners.com\/en\/wp-json\/wp\/v2\/types\/product"}],"version-history":[{"count":55,"href":"https:\/\/commonsensealigners.com\/en\/wp-json\/wp\/v2\/product\/1144\/revisions"}],"predecessor-version":[{"id":2244,"href":"https:\/\/commonsensealigners.com\/en\/wp-json\/wp\/v2\/product\/1144\/revisions\/2244"}],"wp:featuredmedia":[{"embeddable":true,"href":"https:\/\/commonsensealigners.com\/en\/wp-json\/wp\/v2\/media\/141"}],"wp:attachment":[{"href":"https:\/\/commonsensealigners.com\/en\/wp-json\/wp\/v2\/media?parent=1144"}],"wp:term":[{"taxonomy":"product_brand","embeddable":true,"href":"https:\/\/commonsensealigners.com\/en\/wp-json\/wp\/v2\/product_brand?post=1144"},{"taxonomy":"product_cat","embeddable":true,"href":"https:\/\/commonsensealigners.com\/en\/wp-json\/wp\/v2\/product_cat?post=1144"},{"taxonomy":"product_tag","embeddable":true,"href":"https:\/\/commonsensealigners.com\/en\/wp-json\/wp\/v2\/product_tag?post=1144"}],"curies":[{"name":"wp","href":"https:\/\/api.w.org\/{rel}","templated":true}]}}