{"id":904,"date":"2024-08-05T18:09:17","date_gmt":"2024-08-05T16:09:17","guid":{"rendered":"https:\/\/commonsensealigners.com\/?page_id=904"},"modified":"2024-08-06T19:37:04","modified_gmt":"2024-08-06T17:37:04","slug":"politica-de-cookies","status":"publish","type":"page","link":"https:\/\/commonsensealigners.com\/en\/politica-de-cookies\/","title":{"rendered":"Cookies policy"},"content":{"rendered":"<div data-elementor-type=\"wp-page\" data-elementor-id=\"904\" class=\"elementor elementor-904\" data-elementor-post-type=\"page\">\n\t\t\t\t<div class=\"elementor-element elementor-element-8d5ef40 e-flex e-con-boxed e-con e-parent\" data-id=\"8d5ef40\" data-element_type=\"container\" data-e-type=\"container\">\n\t\t\t\t\t<div class=\"e-con-inner\">\n\t\t\t\t<div class=\"elementor-element elementor-element-a41b56b elementor-widget elementor-widget-heading\" data-id=\"a41b56b\" data-element_type=\"widget\" data-e-type=\"widget\" data-widget_type=\"heading.default\">\n\t\t\t\t<div class=\"elementor-widget-container\">\n\t\t\t\t\t<h2 class=\"elementor-heading-title elementor-size-default\">Cookies policy<\/h2>\t\t\t\t<\/div>\n\t\t\t\t<\/div>\n\t\t\t\t<div class=\"elementor-element elementor-element-1ce7a91 elementor-widget elementor-widget-text-editor\" data-id=\"1ce7a91\" data-element_type=\"widget\" data-e-type=\"widget\" data-widget_type=\"text-editor.default\">\n\t\t\t\t<div class=\"elementor-widget-container\">\n\t\t\t\t\t\t\t\t\t<h5>Introduction<\/h5><p>In compliance with Law 34\/2002, of 11 July, on Information Society Services and Electronic Commerce, we inform the User of the use of cookies on the \"Common Sense Aligners\" website.<\/p><p>Cookies allow, among other things, the collection of statistical information, facilitate certain technical functionalities, store and retrieve information about browsing habits or preferences of a User or their equipment and, depending on the information they contain and the way they use their equipment, they can be used to recognise the User, remember aspects of the User such as their language, country, browser, etc. If the User does not wish to receive cookies, he\/she can configure his\/her browser to delete them from his\/her computer's hard drive, block them or warn him\/her in the event of their installation.<\/p><p>Our website uses cookies and other related technologies (for convenience, all technologies are referred to as \"cookies\"). Cookies are also placed by third parties with whom we have contracted. In the following document we inform you about the use of cookies on our website.<br \/><br \/><\/p><h5>What are cookies, scripts or web beacons?<\/h5><p>A cookie is a small simple file that is sent along with the pages of this website and stored by the user's browser on the hard drive of their computer or other device (smartphone, tablet, connected TV...). The stored information may be returned to our servers or to the servers of relevant third parties during a subsequent visit.<br \/>A script is a piece of program code that is used to make our website work correctly and interactively. This code runs on our server or on the user's device.<br \/>A web beacon (or pixel tag) is a small piece of invisible text or image on a website that is used to track traffic on a website.<br \/><br \/><\/p><h5>Cookies<\/h5><p><span style=\"text-decoration: underline;\">Technical or functional cookies<\/span><\/p><p>Some cookies ensure that certain parts of the website work properly and that user preferences are still remembered. By placing functional cookies, we make it easier for you to visit and use our website. In this way, it is not necessary to repeatedly enter the same information when visiting our website and, for example, items remain in the shopping basket until the user completes the purchase. The regulations allow us to place these cookies without your consent.<br \/>Social media buttons<\/p><p>On our website we have included buttons to promote pages (e.g. \"like\", \"pin\") or share them (e.g. \"tweet\") on social networks such as Facebook. These buttons are powered by code from these social networks; this code embeds cookies. These social media buttons can store and process certain information, so that a personalised advertisement can be displayed.<\/p><p>Please read the privacy policy of these social networks (which may change frequently) to find out what they do with your (personal) data that they process through these cookies.<\/p><h5>The following cookies are used on this website<\/h5><table><tbody><tr><th>Cookie name<\/th><th>Description \/ purpose<\/th><th>type<\/th><th>Expiry<\/th><\/tr><tr><td>PHPSESSID<\/td><td>This cookie is used by the PHP encryption language to allow SESSION variables to be stored on the web server. This cookie is essential for the functioning of the website.<\/td><td>Technique<\/td><td>Session<\/td><\/tr><tr><td>GetLocalTimeZone<\/td><td>This cookie is used to record the user's time zone.<\/td><td>Technique<\/td><td>Session<\/td><\/tr><tr><td>cookies_and_content_security_policy<\/td><td>Cookie used to remember the user's acceptance of the cookies policy.<\/td><td>Technique<\/td><td>1 year<\/td><\/tr><\/tbody><\/table><h5><br \/>Consent and cookie settings<\/h5><p>When you visit our website for the first time, we will show you a pop-up window with an explanation about cookies (\"first layer\"). As soon as you click the accept button, you consent to our use of the categories of cookies and plugins you have selected in the pop-up window, as described in this cookie policy. You can disable the use of cookies through your browser, but please note that our website may not function properly if you do so.<br \/><br \/><\/p><h5>Your rights in relation to personal data<\/h5><p>Visit our privacy policy to learn about your rights in relation to the processing of personal data, and how to exercise them.<br \/><br \/><\/p><h5>Enabling, disabling and deleting cookies<\/h5><p>You can use your Internet browser to delete cookies automatically or manually. You can also specify that certain cookies cannot be placed. Alternatively, you can change your Internet browser settings so that you receive a message each time a cookie is set. For more information on these options, please refer to the instructions in the \"Help\" section of your browser.<\/p><p>Please note that our website may not function properly if all cookies are disabled. If you delete cookies from your browser, they will be placed again after your consent when you revisit our websites.<\/p>\t\t\t\t\t\t\t\t<\/div>\n\t\t\t\t<\/div>\n\t\t\t\t\t<\/div>\n\t\t\t\t<\/div>\n\t\t\t\t<\/div>","protected":false},"excerpt":{"rendered":"<p>Pol\u00edtica de cookies Introducci\u00f3n En cumplimiento de la Ley 34\/2002, de 11 de julio, de Servicios de la Sociedad de la Informaci\u00f3n y de Comercio Electr\u00f3nico, informamos al Usuario de la utilizaci\u00f3n de cookies en el sitio web de \u201cCommon Sense Aligners\u201d. Las cookies permiten, entre otras cosas, recopilar informaci\u00f3n estad\u00edstica, facilitar ciertas funcionalidades t\u00e9cnicas,&#8230;<\/p>","protected":false},"author":1,"featured_media":0,"parent":0,"menu_order":0,"comment_status":"closed","ping_status":"closed","template":"","meta":{"_acf_changed":false,"_kad_post_transparent":"","_kad_post_title":"","_kad_post_layout":"","_kad_post_sidebar_id":"","_kad_post_content_style":"","_kad_post_vertical_padding":"","_kad_post_feature":"","_kad_post_feature_position":"","_kad_post_header":false,"_kad_post_footer":false,"footnotes":""},"class_list":["post-904","page","type-page","status-publish","hentry"],"acf":[],"yoast_head":"<!-- This site is optimized with the Yoast SEO plugin v23.3 - https:\/\/yoast.com\/wordpress\/plugins\/seo\/ -->\n<title>Pol\u00edtica de cookies - Common Sense Aligners<\/title>\n<meta name=\"robots\" content=\"index, follow, max-snippet:-1, max-image-preview:large, max-video-preview:-1\" \/>\n<link rel=\"canonical\" href=\"https:\/\/commonsensealigners.com\/en\/politica-de-cookies\/\" \/>\n<meta property=\"og:locale\" content=\"en_GB\" \/>\n<meta property=\"og:type\" content=\"article\" \/>\n<meta property=\"og:title\" content=\"Pol\u00edtica de cookies - Common Sense Aligners\" \/>\n<meta property=\"og:description\" content=\"Pol\u00edtica de cookies Introducci\u00f3n En cumplimiento de la Ley 34\/2002, de 11 de julio, de Servicios de la Sociedad de la Informaci\u00f3n y de Comercio Electr\u00f3nico, informamos al Usuario de la utilizaci\u00f3n de cookies en el sitio web de \u201cCommon Sense Aligners\u201d. Las cookies permiten, entre otras cosas, recopilar informaci\u00f3n estad\u00edstica, facilitar ciertas funcionalidades t\u00e9cnicas,...\" \/>\n<meta property=\"og:url\" content=\"https:\/\/commonsensealigners.com\/en\/politica-de-cookies\/\" \/>\n<meta property=\"og:site_name\" content=\"Common Sense Aligners\" \/>\n<meta property=\"article:publisher\" content=\"https:\/\/www.instagram.com\/commonsensealigners\" \/>\n<meta property=\"article:modified_time\" content=\"2024-08-06T17:37:04+00:00\" \/>\n<meta property=\"og:image\" content=\"https:\/\/commonsensealigners.com\/wp-content\/uploads\/2024\/07\/CSA_Simbolo_3D_2.png\" \/>\n\t<meta property=\"og:image:width\" content=\"513\" \/>\n\t<meta property=\"og:image:height\" content=\"513\" \/>\n\t<meta property=\"og:image:type\" content=\"image\/png\" \/>\n<meta name=\"twitter:card\" content=\"summary_large_image\" \/>\n<meta name=\"twitter:label1\" content=\"Estimated reading time\" \/>\n\t<meta name=\"twitter:data1\" content=\"4 minutes\" \/>\n<script type=\"application\/ld+json\" class=\"yoast-schema-graph\">{\"@context\":\"https:\/\/schema.org\",\"@graph\":[{\"@type\":\"WebPage\",\"@id\":\"https:\/\/commonsensealigners.com\/politica-de-cookies\/\",\"url\":\"https:\/\/commonsensealigners.com\/politica-de-cookies\/\",\"name\":\"Pol\u00edtica de cookies - Common Sense Aligners\",\"isPartOf\":{\"@id\":\"https:\/\/commonsensealigners.com\/#website\"},\"datePublished\":\"2024-08-05T16:09:17+00:00\",\"dateModified\":\"2024-08-06T17:37:04+00:00\",\"breadcrumb\":{\"@id\":\"https:\/\/commonsensealigners.com\/politica-de-cookies\/#breadcrumb\"},\"inLanguage\":\"en-GB\",\"potentialAction\":[{\"@type\":\"ReadAction\",\"target\":[\"https:\/\/commonsensealigners.com\/politica-de-cookies\/\"]}]},{\"@type\":\"BreadcrumbList\",\"@id\":\"https:\/\/commonsensealigners.com\/politica-de-cookies\/#breadcrumb\",\"itemListElement\":[{\"@type\":\"ListItem\",\"position\":1,\"name\":\"Portada\",\"item\":\"https:\/\/commonsensealigners.com\/\"},{\"@type\":\"ListItem\",\"position\":2,\"name\":\"Pol\u00edtica de cookies\"}]},{\"@type\":\"WebSite\",\"@id\":\"https:\/\/commonsensealigners.com\/#website\",\"url\":\"https:\/\/commonsensealigners.com\/\",\"name\":\"Common Sense Aligners\",\"description\":\"\",\"publisher\":{\"@id\":\"https:\/\/commonsensealigners.com\/#organization\"},\"potentialAction\":[{\"@type\":\"SearchAction\",\"target\":{\"@type\":\"EntryPoint\",\"urlTemplate\":\"https:\/\/commonsensealigners.com\/?s={search_term_string}\"},\"query-input\":\"required name=search_term_string\"}],\"inLanguage\":\"en-GB\"},{\"@type\":\"Organization\",\"@id\":\"https:\/\/commonsensealigners.com\/#organization\",\"name\":\"Common Sense Aligners\",\"url\":\"https:\/\/commonsensealigners.com\/\",\"logo\":{\"@type\":\"ImageObject\",\"inLanguage\":\"en-GB\",\"@id\":\"https:\/\/commonsensealigners.com\/#\/schema\/logo\/image\/\",\"url\":\"https:\/\/commonsensealigners.com\/wp-content\/uploads\/2024\/07\/CSA_Simbolo_3D_2.png\",\"contentUrl\":\"https:\/\/commonsensealigners.com\/wp-content\/uploads\/2024\/07\/CSA_Simbolo_3D_2.png\",\"width\":513,\"height\":513,\"caption\":\"Common Sense Aligners\"},\"image\":{\"@id\":\"https:\/\/commonsensealigners.com\/#\/schema\/logo\/image\/\"},\"sameAs\":[\"https:\/\/www.instagram.com\/commonsensealigners\"]}]}<\/script>\n<!-- \/ Yoast SEO plugin. -->","yoast_head_json":{"title":"Cookie Policy - Common Sense Aligners","robots":{"index":"index","follow":"follow","max-snippet":"max-snippet:-1","max-image-preview":"max-image-preview:large","max-video-preview":"max-video-preview:-1"},"canonical":"https:\/\/commonsensealigners.com\/en\/politica-de-cookies\/","og_locale":"en_GB","og_type":"article","og_title":"Pol\u00edtica de cookies - Common Sense Aligners","og_description":"Pol\u00edtica de cookies Introducci\u00f3n En cumplimiento de la Ley 34\/2002, de 11 de julio, de Servicios de la Sociedad de la Informaci\u00f3n y de Comercio Electr\u00f3nico, informamos al Usuario de la utilizaci\u00f3n de cookies en el sitio web de \u201cCommon Sense Aligners\u201d. Las cookies permiten, entre otras cosas, recopilar informaci\u00f3n estad\u00edstica, facilitar ciertas funcionalidades t\u00e9cnicas,...","og_url":"https:\/\/commonsensealigners.com\/en\/politica-de-cookies\/","og_site_name":"Common Sense Aligners","article_publisher":"https:\/\/www.instagram.com\/commonsensealigners","article_modified_time":"2024-08-06T17:37:04+00:00","og_image":[{"width":513,"height":513,"url":"https:\/\/commonsensealigners.com\/wp-content\/uploads\/2024\/07\/CSA_Simbolo_3D_2.png","type":"image\/png"}],"twitter_card":"summary_large_image","twitter_misc":{"Estimated reading time":"4 minutes"},"schema":{"@context":"https:\/\/schema.org","@graph":[{"@type":"WebPage","@id":"https:\/\/commonsensealigners.com\/politica-de-cookies\/","url":"https:\/\/commonsensealigners.com\/politica-de-cookies\/","name":"Cookie Policy - Common Sense Aligners","isPartOf":{"@id":"https:\/\/commonsensealigners.com\/#website"},"datePublished":"2024-08-05T16:09:17+00:00","dateModified":"2024-08-06T17:37:04+00:00","breadcrumb":{"@id":"https:\/\/commonsensealigners.com\/politica-de-cookies\/#breadcrumb"},"inLanguage":"en-GB","potentialAction":[{"@type":"ReadAction","target":["https:\/\/commonsensealigners.com\/politica-de-cookies\/"]}]},{"@type":"BreadcrumbList","@id":"https:\/\/commonsensealigners.com\/politica-de-cookies\/#breadcrumb","itemListElement":[{"@type":"ListItem","position":1,"name":"Portada","item":"https:\/\/commonsensealigners.com\/"},{"@type":"ListItem","position":2,"name":"Pol\u00edtica de cookies"}]},{"@type":"WebSite","@id":"https:\/\/commonsensealigners.com\/#website","url":"https:\/\/commonsensealigners.com\/","name":"Common Sense Aligners","description":"","publisher":{"@id":"https:\/\/commonsensealigners.com\/#organization"},"potentialAction":[{"@type":"SearchAction","target":{"@type":"EntryPoint","urlTemplate":"https:\/\/commonsensealigners.com\/?s={search_term_string}"},"query-input":"required name=search_term_string"}],"inLanguage":"en-GB"},{"@type":"Organization","@id":"https:\/\/commonsensealigners.com\/#organization","name":"Common Sense Aligners","url":"https:\/\/commonsensealigners.com\/","logo":{"@type":"ImageObject","inLanguage":"en-GB","@id":"https:\/\/commonsensealigners.com\/#\/schema\/logo\/image\/","url":"https:\/\/commonsensealigners.com\/wp-content\/uploads\/2024\/07\/CSA_Simbolo_3D_2.png","contentUrl":"https:\/\/commonsensealigners.com\/wp-content\/uploads\/2024\/07\/CSA_Simbolo_3D_2.png","width":513,"height":513,"caption":"Common Sense Aligners"},"image":{"@id":"https:\/\/commonsensealigners.com\/#\/schema\/logo\/image\/"},"sameAs":["https:\/\/www.instagram.com\/commonsensealigners"]}]}},"_links":{"self":[{"href":"https:\/\/commonsensealigners.com\/en\/wp-json\/wp\/v2\/pages\/904","targetHints":{"allow":["GET"]}}],"collection":[{"href":"https:\/\/commonsensealigners.com\/en\/wp-json\/wp\/v2\/pages"}],"about":[{"href":"https:\/\/commonsensealigners.com\/en\/wp-json\/wp\/v2\/types\/page"}],"author":[{"embeddable":true,"href":"https:\/\/commonsensealigners.com\/en\/wp-json\/wp\/v2\/users\/1"}],"replies":[{"embeddable":true,"href":"https:\/\/commonsensealigners.com\/en\/wp-json\/wp\/v2\/comments?post=904"}],"version-history":[{"count":0,"href":"https:\/\/commonsensealigners.com\/en\/wp-json\/wp\/v2\/pages\/904\/revisions"}],"wp:attachment":[{"href":"https:\/\/commonsensealigners.com\/en\/wp-json\/wp\/v2\/media?parent=904"}],"curies":[{"name":"wp","href":"https:\/\/api.w.org\/{rel}","templated":true}]}}